{"id":17898,"date":"2020-09-29T10:01:16","date_gmt":"2020-09-29T08:01:16","guid":{"rendered":"http:\/\/www.lit.de\/temp\/regulacja-dot-rownosci-plci\/"},"modified":"2021-02-19T11:43:44","modified_gmt":"2021-02-19T10:43:44","slug":"regulacja-dot-rownosci-plci","status":"publish","type":"page","link":"https:\/\/www.lit.de\/pl\/regulacja-dot-rownosci-plci\/","title":{"rendered":"Regulacja dot. r\u00f3wno\u015bci p\u0142ci"},"content":{"rendered":"\t\t<div data-elementor-type=\"wp-page\" data-elementor-id=\"17898\" class=\"elementor elementor-17898 elementor-9157\" data-elementor-post-type=\"page\">\n\t\t\t\t\t\t<section class=\"elementor-section elementor-top-section elementor-element elementor-element-1af55fc elementor-section-boxed elementor-section-height-default elementor-section-height-default\" data-id=\"1af55fc\" data-element_type=\"section\">\n\t\t\t\t\t\t\t<div class=\"elementor-background-overlay\"><\/div>\n\t\t\t\t\t\t\t<div class=\"elementor-container elementor-column-gap-default\">\n\t\t\t\t\t<div class=\"elementor-column elementor-col-100 elementor-top-column elementor-element elementor-element-3561535\" data-id=\"3561535\" data-element_type=\"column\">\n\t\t\t<div class=\"elementor-widget-wrap elementor-element-populated\">\n\t\t\t\t\t\t<div class=\"elementor-element elementor-element-2cd0339 elementor-widget elementor-widget-menu-anchor\" data-id=\"2cd0339\" data-element_type=\"widget\" data-widget_type=\"menu-anchor.default\">\n\t\t\t\t<div class=\"elementor-widget-container\">\n\t\t\t\t\t<div id=\"aktuelles\" class=\"elementor-menu-anchor\"><\/div>\n\t\t\t\t<\/div>\n\t\t\t\t<\/div>\n\t\t\t\t<div class=\"elementor-element elementor-element-267803d elementor-widget elementor-widget-menu-anchor\" data-id=\"267803d\" data-element_type=\"widget\" data-widget_type=\"menu-anchor.default\">\n\t\t\t\t<div class=\"elementor-widget-container\">\n\t\t\t\t\t<div id=\"aktuelles\" class=\"elementor-menu-anchor\"><\/div>\n\t\t\t\t<\/div>\n\t\t\t\t<\/div>\n\t\t\t\t<div class=\"elementor-element elementor-element-69a5d95 elementor-widget elementor-widget-menu-anchor\" data-id=\"69a5d95\" data-element_type=\"widget\" data-widget_type=\"menu-anchor.default\">\n\t\t\t\t<div class=\"elementor-widget-container\">\n\t\t\t\t\t<div id=\"aktuelles\" class=\"elementor-menu-anchor\"><\/div>\n\t\t\t\t<\/div>\n\t\t\t\t<\/div>\n\t\t\t\t\t<\/div>\n\t\t<\/div>\n\t\t\t\t\t<\/div>\n\t\t<\/section>\n\t\t\t\t<section class=\"elementor-section elementor-top-section elementor-element elementor-element-a7dbb96 elementor-section-boxed elementor-section-height-default elementor-section-height-default\" data-id=\"a7dbb96\" data-element_type=\"section\" data-settings=\"{&quot;background_background&quot;:&quot;classic&quot;}\">\n\t\t\t\t\t\t<div class=\"elementor-container elementor-column-gap-default\">\n\t\t\t\t\t<div class=\"elementor-column elementor-col-100 elementor-top-column elementor-element elementor-element-347bac4\" data-id=\"347bac4\" data-element_type=\"column\" data-settings=\"{&quot;background_background&quot;:&quot;classic&quot;}\">\n\t\t\t<div class=\"elementor-widget-wrap elementor-element-populated\">\n\t\t\t\t\t\t<div class=\"elementor-element elementor-element-cded807 elementor-nav-menu__align-start lit-sticky elementor-nav-menu--dropdown-mobile elementor-nav-menu__text-align-aside elementor-nav-menu--toggle elementor-nav-menu--burger elementor-widget elementor-widget-nav-menu\" data-id=\"cded807\" data-element_type=\"widget\" data-settings=\"{&quot;layout&quot;:&quot;vertical&quot;,&quot;submenu_icon&quot;:{&quot;value&quot;:&quot;&lt;i class=\\&quot;\\&quot;&gt;&lt;\\\/i&gt;&quot;,&quot;library&quot;:&quot;&quot;},&quot;toggle&quot;:&quot;burger&quot;}\" data-widget_type=\"nav-menu.default\">\n\t\t\t\t<div class=\"elementor-widget-container\">\n\t\t\t\t\t\t<nav class=\"elementor-nav-menu--main elementor-nav-menu__container elementor-nav-menu--layout-vertical e--pointer-none\">\n\t\t\t\t<ul id=\"menu-1-cded807\" class=\"elementor-nav-menu sm-vertical\"><li class=\"menu-item menu-item-type-custom menu-item-object-custom menu-item-15100\"><a href=\"#aktuelles_news\" class=\"elementor-item elementor-item-anchor\">Aktualno\u015bci | Informacje<\/a><\/li>\n<li class=\"menu-item menu-item-type-custom menu-item-object-custom menu-item-15101\"><a href=\"#reportagen\" class=\"elementor-item elementor-item-anchor\">Reportagen<\/a><\/li>\n<li class=\"menu-item menu-item-type-custom menu-item-object-custom menu-item-15102\"><a href=\"#literatur\" class=\"elementor-item elementor-item-anchor\">L.I.T.eratura<\/a><\/li>\n<li class=\"menu-item menu-item-type-custom menu-item-object-custom menu-item-15103\"><a href=\"#ansprechpartner_presse\" class=\"elementor-item elementor-item-anchor\">Ansprechpartner<\/a><\/li>\n<li class=\"menu-item menu-item-type-custom menu-item-object-custom menu-item-15104\"><a href=\"#presseanfragen\" class=\"elementor-item elementor-item-anchor\">Zapytania prasowe<\/a><\/li>\n<li class=\"menu-item menu-item-type-custom menu-item-object-custom menu-item-15105\"><a href=\"#newsletter\" class=\"elementor-item elementor-item-anchor\">Newsletter<\/a><\/li>\n<\/ul>\t\t\t<\/nav>\n\t\t\t\t\t<div class=\"elementor-menu-toggle\" role=\"button\" tabindex=\"0\" aria-label=\"Menu Toggle\" aria-expanded=\"false\">\n\t\t\t<i aria-hidden=\"true\" role=\"presentation\" class=\"elementor-menu-toggle__icon--open eicon-menu-bar\"><\/i><i aria-hidden=\"true\" role=\"presentation\" class=\"elementor-menu-toggle__icon--close eicon-close\"><\/i>\t\t\t<span class=\"elementor-screen-only\">Menu<\/span>\n\t\t<\/div>\n\t\t\t\t\t<nav class=\"elementor-nav-menu--dropdown elementor-nav-menu__container\" aria-hidden=\"true\">\n\t\t\t\t<ul id=\"menu-2-cded807\" class=\"elementor-nav-menu sm-vertical\"><li class=\"menu-item menu-item-type-custom menu-item-object-custom menu-item-15100\"><a href=\"#aktuelles_news\" class=\"elementor-item elementor-item-anchor\" tabindex=\"-1\">Aktualno\u015bci | Informacje<\/a><\/li>\n<li class=\"menu-item menu-item-type-custom menu-item-object-custom menu-item-15101\"><a href=\"#reportagen\" class=\"elementor-item elementor-item-anchor\" tabindex=\"-1\">Reportagen<\/a><\/li>\n<li class=\"menu-item menu-item-type-custom menu-item-object-custom menu-item-15102\"><a href=\"#literatur\" class=\"elementor-item elementor-item-anchor\" tabindex=\"-1\">L.I.T.eratura<\/a><\/li>\n<li class=\"menu-item menu-item-type-custom menu-item-object-custom menu-item-15103\"><a href=\"#ansprechpartner_presse\" class=\"elementor-item elementor-item-anchor\" tabindex=\"-1\">Ansprechpartner<\/a><\/li>\n<li class=\"menu-item menu-item-type-custom menu-item-object-custom menu-item-15104\"><a href=\"#presseanfragen\" class=\"elementor-item elementor-item-anchor\" tabindex=\"-1\">Zapytania prasowe<\/a><\/li>\n<li class=\"menu-item menu-item-type-custom menu-item-object-custom menu-item-15105\"><a href=\"#newsletter\" class=\"elementor-item elementor-item-anchor\" tabindex=\"-1\">Newsletter<\/a><\/li>\n<\/ul>\t\t\t<\/nav>\n\t\t\t\t<\/div>\n\t\t\t\t<\/div>\n\t\t\t\t<div class=\"elementor-element elementor-element-fe79de7 elementor-widget elementor-widget-text-editor\" data-id=\"fe79de7\" data-element_type=\"widget\" data-widget_type=\"text-editor.default\">\n\t\t\t\t<div class=\"elementor-widget-container\">\n\t\t\t\t\t\t\t<p>REGULACJA DOT. R\u00d3WNO\u015aCI P\u0141CI<\/p>\n\t\t\t\t\t\t<\/div>\n\t\t\t\t<\/div>\n\t\t\t\t<div class=\"elementor-element elementor-element-0262698 elementor-widget elementor-widget-heading\" data-id=\"0262698\" data-element_type=\"widget\" data-widget_type=\"heading.default\">\n\t\t\t\t<div class=\"elementor-widget-container\">\n\t\t\t<h1 class=\"elementor-heading-title elementor-size-default\">U NAS MILE WIDZIANE S\u0104 OSOBY <br>KA\u017bDEJ P\u0141CI!<\/h1>\t\t<\/div>\n\t\t\t\t<\/div>\n\t\t\t\t<div class=\"elementor-element elementor-element-fd5b02e elementor-widget elementor-widget-text-editor\" data-id=\"fd5b02e\" data-element_type=\"widget\" data-widget_type=\"text-editor.default\">\n\t\t\t\t<div class=\"elementor-widget-container\">\n\t\t\t\t\t\t\t<div>\n<div>\n<div>Ze wzgl\u0119du na czytelno\u015b\u0107 u\u017cywamy gramatycznego rodzaju m\u0119skiego. Stosowane okre\u015blenia dotycz\u0105 ka\u017cdej p\u0142ci zgodnie z ide\u0105 r\u00f3wnouprawnienia.<\/div>\n<div>Wybrana forma j\u0119zykowa jest uwarunkowana wy\u0142\u0105cznie wzgl\u0119dami redakcyjnymi i nie oznacza warto\u015bciowania. Oczywi\u015bcie mile widziane s\u0105 u nas osoby ka\u017cdej p\u0142ci.<\/div>\n<\/div>\n<\/div>\n\t\t\t\t\t\t<\/div>\n\t\t\t\t<\/div>\n\t\t\t\t\t<\/div>\n\t\t<\/div>\n\t\t\t\t\t<\/div>\n\t\t<\/section>\n\t\t\t\t<\/div>\n\t\t","protected":false},"excerpt":{"rendered":"<p>REGULACJA DOT. R\u00d3WNO\u015aCI P\u0141CI U NAS MILE WIDZIANE S\u0104 OSOBY KA\u017bDEJ P\u0141CI! Ze wzgl\u0119du na czytelno\u015b\u0107 u\u017cywamy gramatycznego rodzaju m\u0119skiego. Stosowane okre\u015blenia dotycz\u0105 ka\u017cdej p\u0142ci zgodnie z ide\u0105 r\u00f3wnouprawnienia. Wybrana forma j\u0119zykowa jest uwarunkowana wy\u0142\u0105cznie wzgl\u0119dami redakcyjnymi i nie oznacza warto\u015bciowania. Oczywi\u015bcie mile widziane s\u0105 u nas osoby ka\u017cdej p\u0142ci.<\/p>\n","protected":false},"author":16,"featured_media":0,"parent":0,"menu_order":0,"comment_status":"closed","ping_status":"closed","template":"","meta":{"footnotes":""},"class_list":["post-17898","page","type-page","status-publish","hentry"],"_links":{"self":[{"href":"https:\/\/www.lit.de\/pl\/wp-json\/wp\/v2\/pages\/17898","targetHints":{"allow":["GET"]}}],"collection":[{"href":"https:\/\/www.lit.de\/pl\/wp-json\/wp\/v2\/pages"}],"about":[{"href":"https:\/\/www.lit.de\/pl\/wp-json\/wp\/v2\/types\/page"}],"author":[{"embeddable":true,"href":"https:\/\/www.lit.de\/pl\/wp-json\/wp\/v2\/users\/16"}],"replies":[{"embeddable":true,"href":"https:\/\/www.lit.de\/pl\/wp-json\/wp\/v2\/comments?post=17898"}],"version-history":[{"count":1,"href":"https:\/\/www.lit.de\/pl\/wp-json\/wp\/v2\/pages\/17898\/revisions"}],"predecessor-version":[{"id":17899,"href":"https:\/\/www.lit.de\/pl\/wp-json\/wp\/v2\/pages\/17898\/revisions\/17899"}],"wp:attachment":[{"href":"https:\/\/www.lit.de\/pl\/wp-json\/wp\/v2\/media?parent=17898"}],"curies":[{"name":"wp","href":"https:\/\/api.w.org\/{rel}","templated":true}]}}