{"id":17896,"date":"2020-07-27T10:26:27","date_gmt":"2020-07-27T08:26:27","guid":{"rendered":"http:\/\/www.lit.de\/temp\/nota-prawna\/"},"modified":"2025-08-15T11:23:51","modified_gmt":"2025-08-15T09:23:51","slug":"nota-prawna","status":"publish","type":"page","link":"https:\/\/www.lit.de\/pl\/nota-prawna\/","title":{"rendered":"Nota prawna"},"content":{"rendered":"\t\t<div data-elementor-type=\"wp-page\" data-elementor-id=\"17896\" class=\"elementor elementor-17896 elementor-8269\" data-elementor-post-type=\"page\">\n\t\t\t\t\t\t<section class=\"elementor-section elementor-top-section elementor-element elementor-element-1af55fc elementor-section-boxed elementor-section-height-default elementor-section-height-default\" data-id=\"1af55fc\" data-element_type=\"section\">\n\t\t\t\t\t\t\t<div class=\"elementor-background-overlay\"><\/div>\n\t\t\t\t\t\t\t<div class=\"elementor-container elementor-column-gap-default\">\n\t\t\t\t\t<div class=\"elementor-column elementor-col-100 elementor-top-column elementor-element elementor-element-3561535\" data-id=\"3561535\" data-element_type=\"column\">\n\t\t\t<div class=\"elementor-widget-wrap elementor-element-populated\">\n\t\t\t\t\t\t<div class=\"elementor-element elementor-element-2cd0339 elementor-widget elementor-widget-menu-anchor\" data-id=\"2cd0339\" data-element_type=\"widget\" data-widget_type=\"menu-anchor.default\">\n\t\t\t\t<div class=\"elementor-widget-container\">\n\t\t\t\t\t<div id=\"aktuelles\" class=\"elementor-menu-anchor\"><\/div>\n\t\t\t\t<\/div>\n\t\t\t\t<\/div>\n\t\t\t\t<div class=\"elementor-element elementor-element-267803d elementor-widget elementor-widget-menu-anchor\" data-id=\"267803d\" data-element_type=\"widget\" data-widget_type=\"menu-anchor.default\">\n\t\t\t\t<div class=\"elementor-widget-container\">\n\t\t\t\t\t<div id=\"aktuelles\" class=\"elementor-menu-anchor\"><\/div>\n\t\t\t\t<\/div>\n\t\t\t\t<\/div>\n\t\t\t\t<div class=\"elementor-element elementor-element-69a5d95 elementor-widget elementor-widget-menu-anchor\" data-id=\"69a5d95\" data-element_type=\"widget\" data-widget_type=\"menu-anchor.default\">\n\t\t\t\t<div class=\"elementor-widget-container\">\n\t\t\t\t\t<div id=\"aktuelles\" class=\"elementor-menu-anchor\"><\/div>\n\t\t\t\t<\/div>\n\t\t\t\t<\/div>\n\t\t\t\t\t<\/div>\n\t\t<\/div>\n\t\t\t\t\t<\/div>\n\t\t<\/section>\n\t\t\t\t<section class=\"elementor-section elementor-top-section elementor-element elementor-element-a7dbb96 elementor-section-boxed elementor-section-height-default elementor-section-height-default\" data-id=\"a7dbb96\" data-element_type=\"section\" data-settings=\"{&quot;background_background&quot;:&quot;classic&quot;}\">\n\t\t\t\t\t\t<div class=\"elementor-container elementor-column-gap-default\">\n\t\t\t\t\t<div class=\"elementor-column elementor-col-100 elementor-top-column elementor-element elementor-element-347bac4\" data-id=\"347bac4\" data-element_type=\"column\" data-settings=\"{&quot;background_background&quot;:&quot;classic&quot;}\">\n\t\t\t<div class=\"elementor-widget-wrap elementor-element-populated\">\n\t\t\t\t\t\t<div class=\"elementor-element elementor-element-fe79de7 elementor-widget elementor-widget-text-editor\" data-id=\"fe79de7\" data-element_type=\"widget\" data-widget_type=\"text-editor.default\">\n\t\t\t\t<div class=\"elementor-widget-container\">\n\t\t\t\t\t\t\t<p>IMPRESSUM<\/p>\n\t\t\t\t\t\t<\/div>\n\t\t\t\t<\/div>\n\t\t\t\t<div class=\"elementor-element elementor-element-0262698 elementor-widget elementor-widget-heading\" data-id=\"0262698\" data-element_type=\"widget\" data-widget_type=\"heading.default\">\n\t\t\t\t<div class=\"elementor-widget-container\">\n\t\t\t<h1 class=\"elementor-heading-title elementor-size-default\">F\u00dcR DIESE WEBSEITE<br>IST DIE L.I.T. AG VERANTWORTLICH <\/h1>\t\t<\/div>\n\t\t\t\t<\/div>\n\t\t\t\t<div class=\"elementor-element elementor-element-fd5b02e elementor-widget elementor-widget-text-editor\" data-id=\"fd5b02e\" data-element_type=\"widget\" data-widget_type=\"text-editor.default\">\n\t\t\t\t<div class=\"elementor-widget-container\">\n\t\t\t\t\t\t\t<div>\r\n\r\n<strong>L.I.T. AG<\/strong>\r\nLogistik \u2013 Information \u2013 Transport\r\n\r\nOtto-Hahn-Stra\u00dfe 18\r\n26919 Brake\r\nTelefon: +49 4401 920-0\r\nFax: +49 4401 920-102\r\nE-Mail: <a title=\"Email an L.I.T.\">info@lit.de<\/a>\r\n\r\n<a title=\"Email an L.I.T.\">\u00a0<\/a>\r\n<h4>Vorstand<\/h4>\r\nDipl.-Wirt. Ing. Fokke Fels (Vorsitzender)\r\nSimeon W. Breuer\r\nJulian Lachnitt\r\nIngo Schreiber\r\n<h4>Handelsregister<\/h4>\r\nRegistergericht: Amtsgericht Oldenburg\r\nRegisternummer: HRB 100607\r\n<h4>Umsatzsteuer-Identifikationsnummer<\/h4>\r\nDE 240 144 123\r\n<h4>Bildnachweis<\/h4>\r\nL.I.T. AG\r\nShutterstock\r\n<h4>Konzept und Gestaltung<\/h4>\r\nFlorence Meyer, L.I.T. AG\r\n<h4>Content | Redaktion<\/h4>\r\nL.I.T. AG, Florence Meyer, Julian Derst\r\nSputnik GmbH \u2013 Presse- und \u00d6ffentlichkeitsarbeit\r\n<h4 style=\"font-family: 'Dax Pro Web Regular', sans-serif; color: #ffffff;\">Datenschutz<\/h4>\r\n<p class=\"p1\"><span class=\"s1\">Alexander Weiss\r\nL.I.T. Cargo GmbH\r\nSalzgitter Str. 28\r\n34225 Baunatal<\/span><\/p>\r\n<p class=\"p2\"><span class=\"s2\">Telefon: +49 561 98846913\r\nE-Mail:\u00a0<a href=\"mailto:Datenschutzbeauftragter@lit.de\"><span class=\"s3\">Datenschutzbeauftragter@lit.de<\/span><\/a>\r\nE-Mail:\u00a0<a href=\"mailto:alexander.weiss@lit.de\"><span class=\"s3\">alexander.weiss@lit.de<\/span><\/a><\/span><\/p>\r\n\r\n<\/div><br><div>\r\n<h4>Urheberrecht<\/h4>\r\nRechte an der Gestaltung und an Inhalten dieser Website verbleiben stets bei der L.I.T. AG und unterliegen dem Urheberrecht und anderen Gesetzen zum Schutz geistigen Eigentums. Layouts, Grafiken, Bilder sowie alle Inhalte auf dieser Webseite unterliegen dem Copyright. \u00c4nderungen, Vervielf\u00e4ltigungen oder eine Reproduktion (auch auszugsweise) ist ohne ausdr\u00fcckliche Genehmigung nicht gestattet. Das Logo sowie der Schriftzug sind gesch\u00fctzte Warenzeichen.\r\n<h4>Haftungshinweis<\/h4>\r\nTrotz sorgf\u00e4ltiger inhaltlicher Kontrolle \u00fcbernehmen wir keine Haftung f\u00fcr die Inhalte externer Links. F\u00fcr den Inhalt der verlinkten Seiten sind ausschlie\u00dflich deren Betreiber verantwortlich.\r\n\r\n<\/div>\t\t\t\t\t\t<\/div>\n\t\t\t\t<\/div>\n\t\t\t\t\t<\/div>\n\t\t<\/div>\n\t\t\t\t\t<\/div>\n\t\t<\/section>\n\t\t\t\t<\/div>\n\t\t","protected":false},"excerpt":{"rendered":"<p>IMPRESSUM F\u00dcR DIESE WEBSEITEIST DIE L.I.T. AG VERANTWORTLICH L.I.T. AG Logistik \u2013 Information \u2013 Transport Otto-Hahn-Stra\u00dfe 18 26919 Brake Telefon: +49 4401 920-0 Fax: +49 4401 920-102 E-Mail: info@lit.de \u00a0 Vorstand Dipl.-Wirt. Ing. Fokke Fels (Vorsitzender) Simeon W. Breuer Julian Lachnitt Ingo Schreiber Handelsregister Registergericht: Amtsgericht Oldenburg Registernummer: HRB 100607 Umsatzsteuer-Identifikationsnummer DE 240 144 123 [&hellip;]<\/p>\n","protected":false},"author":16,"featured_media":0,"parent":0,"menu_order":0,"comment_status":"closed","ping_status":"closed","template":"","meta":{"footnotes":""},"class_list":["post-17896","page","type-page","status-publish","hentry"],"_links":{"self":[{"href":"https:\/\/www.lit.de\/pl\/wp-json\/wp\/v2\/pages\/17896","targetHints":{"allow":["GET"]}}],"collection":[{"href":"https:\/\/www.lit.de\/pl\/wp-json\/wp\/v2\/pages"}],"about":[{"href":"https:\/\/www.lit.de\/pl\/wp-json\/wp\/v2\/types\/page"}],"author":[{"embeddable":true,"href":"https:\/\/www.lit.de\/pl\/wp-json\/wp\/v2\/users\/16"}],"replies":[{"embeddable":true,"href":"https:\/\/www.lit.de\/pl\/wp-json\/wp\/v2\/comments?post=17896"}],"version-history":[{"count":4,"href":"https:\/\/www.lit.de\/pl\/wp-json\/wp\/v2\/pages\/17896\/revisions"}],"predecessor-version":[{"id":103899,"href":"https:\/\/www.lit.de\/pl\/wp-json\/wp\/v2\/pages\/17896\/revisions\/103899"}],"wp:attachment":[{"href":"https:\/\/www.lit.de\/pl\/wp-json\/wp\/v2\/media?parent=17896"}],"curies":[{"name":"wp","href":"https:\/\/api.w.org\/{rel}","templated":true}]}}