{"id":17894,"date":"2020-07-27T09:56:48","date_gmt":"2020-07-27T07:56:48","guid":{"rendered":"http:\/\/www.lit.de\/temp\/polityka-prywatnosci\/"},"modified":"2026-02-02T12:47:36","modified_gmt":"2026-02-02T11:47:36","slug":"polityka-prywatnosci","status":"publish","type":"page","link":"https:\/\/www.lit.de\/pl\/polityka-prywatnosci\/","title":{"rendered":"Polityka prywatno\u015bci"},"content":{"rendered":"\t\t<div data-elementor-type=\"wp-page\" data-elementor-id=\"17894\" class=\"elementor elementor-17894 elementor-8254\" data-elementor-post-type=\"page\">\n\t\t\t\t\t\t<section class=\"elementor-section elementor-top-section elementor-element elementor-element-1af55fc elementor-section-boxed elementor-section-height-default elementor-section-height-default\" data-id=\"1af55fc\" data-element_type=\"section\">\n\t\t\t\t\t\t\t<div class=\"elementor-background-overlay\"><\/div>\n\t\t\t\t\t\t\t<div class=\"elementor-container elementor-column-gap-default\">\n\t\t\t\t\t<div class=\"elementor-column elementor-col-100 elementor-top-column elementor-element elementor-element-3561535\" data-id=\"3561535\" data-element_type=\"column\">\n\t\t\t<div class=\"elementor-widget-wrap elementor-element-populated\">\n\t\t\t\t\t\t<div class=\"elementor-element elementor-element-2cd0339 elementor-widget elementor-widget-menu-anchor\" data-id=\"2cd0339\" data-element_type=\"widget\" data-widget_type=\"menu-anchor.default\">\n\t\t\t\t<div class=\"elementor-widget-container\">\n\t\t\t\t\t<div id=\"aktuelles\" class=\"elementor-menu-anchor\"><\/div>\n\t\t\t\t<\/div>\n\t\t\t\t<\/div>\n\t\t\t\t<div class=\"elementor-element elementor-element-267803d elementor-widget elementor-widget-menu-anchor\" data-id=\"267803d\" data-element_type=\"widget\" data-widget_type=\"menu-anchor.default\">\n\t\t\t\t<div class=\"elementor-widget-container\">\n\t\t\t\t\t<div id=\"aktuelles\" class=\"elementor-menu-anchor\"><\/div>\n\t\t\t\t<\/div>\n\t\t\t\t<\/div>\n\t\t\t\t<div class=\"elementor-element elementor-element-69a5d95 elementor-widget elementor-widget-menu-anchor\" data-id=\"69a5d95\" data-element_type=\"widget\" data-widget_type=\"menu-anchor.default\">\n\t\t\t\t<div class=\"elementor-widget-container\">\n\t\t\t\t\t<div id=\"aktuelles\" class=\"elementor-menu-anchor\"><\/div>\n\t\t\t\t<\/div>\n\t\t\t\t<\/div>\n\t\t\t\t\t<\/div>\n\t\t<\/div>\n\t\t\t\t\t<\/div>\n\t\t<\/section>\n\t\t\t\t<section class=\"elementor-section elementor-top-section elementor-element elementor-element-a7dbb96 elementor-section-boxed elementor-section-height-default elementor-section-height-default\" data-id=\"a7dbb96\" data-element_type=\"section\" data-settings=\"{&quot;background_background&quot;:&quot;classic&quot;}\">\n\t\t\t\t\t\t<div class=\"elementor-container elementor-column-gap-default\">\n\t\t\t\t\t<div class=\"elementor-column elementor-col-100 elementor-top-column elementor-element elementor-element-347bac4\" data-id=\"347bac4\" data-element_type=\"column\" data-settings=\"{&quot;background_background&quot;:&quot;classic&quot;}\">\n\t\t\t<div class=\"elementor-widget-wrap elementor-element-populated\">\n\t\t\t\t\t\t<div class=\"elementor-element elementor-element-fe79de7 elementor-widget elementor-widget-text-editor\" data-id=\"fe79de7\" data-element_type=\"widget\" data-widget_type=\"text-editor.default\">\n\t\t\t\t<div class=\"elementor-widget-container\">\n\t\t\t\t\t\t\t<p>POLITYKA PRYWATNO\u015aCI<\/p>\n\t\t\t\t\t\t<\/div>\n\t\t\t\t<\/div>\n\t\t\t\t<div class=\"elementor-element elementor-element-0262698 elementor-widget elementor-widget-heading\" data-id=\"0262698\" data-element_type=\"widget\" data-widget_type=\"heading.default\">\n\t\t\t\t<div class=\"elementor-widget-container\">\n\t\t\t<h1 class=\"elementor-heading-title elementor-size-default\">TWOJE DANE S\u0104 DLA NAS WA\u017bNE! <\/h1>\t\t<\/div>\n\t\t\t\t<\/div>\n\t\t\t\t<div class=\"elementor-element elementor-element-fd5b02e elementor-widget elementor-widget-text-editor\" data-id=\"fd5b02e\" data-element_type=\"widget\" data-widget_type=\"text-editor.default\">\n\t\t\t\t<div class=\"elementor-widget-container\">\n\t\t\t\t\t\t\t<p>Sp\u00f3\u0142ka Die L.I.T. AG jest w pe\u0142ni \u015bwiadoma wa\u017cno\u015bci kwestii ochrony danych w Internecie i jako swoje zadanie postrzega ochron\u0119 sfery prywatnej u\u017cytkownik\u00f3w na jej stronach internetowych. Sp\u00f3\u0142ka L.I.T. AG podejmuje racjonalne dzia\u0142ania maj\u0105ce na celu ochron\u0119 wszystkich informacji uzyskanych od naszych u\u017cytkownik\u00f3w online przed nieuprawnionym dost\u0119pem i wykorzystaniem. Ponadto nasze \u015brodki bezpiecze\u0144stwa poddajemy regularnej kontroli. Ustanowili\u015bmy poni\u017csze wytyczne, kt\u00f3re okre\u015blaj\u0105, w jaki spos\u00f3b wykorzystujemy informacje, jakie uzyskujemy od u\u017cytkownik\u00f3w naszych stron internetowych:<\/p><h3>Administrator zgodnie z artyku\u0142em 4 ust. 7 RODO<\/h3><p>L.I.T. AG,<br \/>Otto-Hahn-Stra\u00dfe 18,<br \/>26919 Brake<br \/>E-mail: info(at)lit.de;<br \/>Telefon: +49 4401 920-0<\/p><p>Administrator jest poni\u017cej okre\u015blany jako \u201emy\u201d lub \u201enas\u201d.<\/p><h3>Jakie informacje sp\u00f3\u0142ka L.I.T. AG rejestruje<\/h3><p>Zasadniczo istnieje mo\u017cliwo\u015b\u0107 odwiedzenia firmy L.I.T. AG w Internecie, aby uzyska\u0107 dost\u0119p do informacji i zachowania przy tym anonimowo\u015bci bez udost\u0119pniania danych osobowych. Niekiedy prosimy jednak o podanie nam okre\u015blonych informacji (na przyk\u0142ad swojego imienia i nazwiska i adresu), aby\u015bmy mogli lepiej zrozumie\u0107 powody dzia\u0142a\u0144 u\u017cytkownika i zaproponowa\u0107 mu nowe produkty, kt\u00f3re mog\u0105 by\u0107 dla niego interesuj\u0105ce. Nasz serwer internetowy mo\u017ce tak\u017ce rejestrowa\u0107 nazwy domen, nie rejestruje on natomiast adres\u00f3w e-mail u\u017cytkownik\u00f3w odwiedzaj\u0105cych nasze strony internetowe. Informacje wykorzystujemy w celu monitorowania, kto nas odwiedza oraz optymalizacji tre\u015bci naszych stron internetowych. Stanowi to nasz uzasadniony interes w\u00a0rozumieniu art. 6 ust. 1 lit. f RODO. W przypadku formularza kontaktowego prosimy u\u017cytkownika o podanie nam swojego imienia i nazwiska, numeru telefonu i adresu e-mail, aby\u015bmy mogli skontaktowa\u0107 si\u0119 z nim w sprawie, o kt\u00f3r\u0105 pyta. To tak\u017ce stanowi nasz uzasadniony interes w\u00a0rozumieniu art. 6 ust. 1 lit. f RODO.<\/p><h4>\u00a0<\/h4><h4>Pliki cookie<\/h4><p>Korzystamy z\u00a0tak zwanych sesyjnych plik\u00f3w cookie w celu optymalizacji naszej strony internetowej. Sesyjny plik cookie to niewielki plik tekstowy wysy\u0142any przez serwery podczas wizyty na stronie internetowej i tymczasowo zapisywany na dysku twardym u\u017cytkownika. Plik ten zawiera tzw. ID sesji, umo\u017cliwiaj\u0105cy przypisanie r\u00f3\u017cnych zapyta\u0144 przegl\u0105darki u\u017cytkownika do okre\u015blonej sesji. Umo\u017cliwia to rozpoznanie komputera u\u017cytkownika w\u00a0przypadku ponownej wizyty na naszej stronie internetowej. Pliki te s\u0105 usuwane po zamkni\u0119ciu przegl\u0105darki przez u\u017cytkownika. Nasz uzasadniony interes w stosowaniu plik\u00f3w cookie zgodnie z art. 6 RODO opiera si\u0119 na dbaniu o stworzenie przyja\u017aniejszej dla u\u017cytkownika, efektywniejszej i bezpieczniejszej strony internetowej.<\/p><h4>W plikach cookie zapisywane s\u0105 nast\u0119puj\u0105ce dane i informacje<\/h4><p>\u2022 Informacje o logowaniu<br \/>\u2022 Ustawienia j\u0119zyka<br \/>\u2022 Wyszukiwane has\u0142a<br \/>\u2022 Informacje o liczbie wywo\u0142a\u0144 naszej strony internetowej oraz korzystaniu z poszczeg\u00f3lnych funkcji naszego serwisu internetowego.<\/p><p>Podczas aktywacji pliku cookie przypisywany jest mu numer identyfikacyjny bez przypisywania danych osobowych u\u017cytkownika do tego numeru identyfikacyjnego. Imi\u0119 i nazwisko, adres IP lub podobne dane u\u017cytkownika, umo\u017cliwiaj\u0105ce przypisanie pliku cookie do u\u017cytkownika, nie s\u0105 zapisywane w pliku cookie. Na podstawie technologii cookie uzyskujemy jedynie pseudonimizowane informacje, przyk\u0142adowo o tym, kt\u00f3re strony u\u017cytkownik odwiedzi\u0142, kt\u00f3re produkty ogl\u0105da\u0142 itp.<\/p><p>U\u017cytkownik mo\u017ce dokona\u0107 ustawie\u0144 swojej przegl\u0105darki, tak aby otrzymywa\u0107 informacje o zapisywaniu plik\u00f3w cookie i\u00a0decydowa\u0107 pojedynczo o ich zaakceptowaniu lub wykluczy\u0107 akceptowanie plik\u00f3w cookie w\u00a0okre\u015blonych przypadkach lub zawsze. Mo\u017ce to jednak skutkowa\u0107 ograniczeniem funkcjonalno\u015bci strony internetowej.<\/p><h4>Okres przechowywania<\/h4><p>Je\u017celi nie okre\u015blono inaczej, przechowujemy dane osobowe tylko tak d\u0142ugo, jak d\u0142ugo s\u0105 one potrzebne do realizacji zwi\u0105zanych z nimi cel\u00f3w.<\/p><p>W niekt\u00f3rych przypadkach ustawodawca narzuca okres przechowywania danych osobowych, np. w ramach prawa podatkowego lub handlowego. W takich przypadkach dane przechowujemy d\u0142u\u017cej jedynie w zwi\u0105zku z tymi celami ustawowymi, ale nie przetwarzamy ich w inny spos\u00f3b i usuwamy po up\u0142ywie ustawowego okresu przechowywania.<\/p><h4>\u00a0<\/h4><h4 data-start=\"90\" data-end=\"101\">Hosting<\/h4><p data-start=\"103\" data-end=\"175\">Tre\u015bci naszej strony internetowej s\u0105 hostowane u nast\u0119puj\u0105cego dostawcy:<\/p><h4 data-start=\"177\" data-end=\"627\">Hosting zewn\u0119trzny<\/h4><p data-start=\"177\" data-end=\"627\">Ta strona internetowa jest hostowana zewn\u0119trznie. Dane osobowe gromadzone na tej stronie internetowej s\u0105 przechowywane na serwerach dostawcy lub dostawc\u00f3w us\u0142ug hostingowych. Mog\u0105 to by\u0107 w szczeg\u00f3lno\u015bci adresy IP, zapytania kontaktowe, dane metadane i komunikacyjne, dane umowne, dane kontaktowe, imiona i nazwiska, dane dotycz\u0105ce dost\u0119pu do strony internetowej oraz inne dane generowane za po\u015brednictwem strony internetowej.<\/p><p data-start=\"629\" data-end=\"1284\">Hosting zewn\u0119trzny odbywa si\u0119 w celu realizacji umowy wobec naszych potencjalnych i obecnych klient\u00f3w (art. 6 ust. 1 lit. b RODO) oraz w interesie zapewnienia bezpiecznego, szybkiego i efektywnego udost\u0119pniania naszej oferty online przez profesjonalnego dostawc\u0119 (art. 6 ust. 1 lit. f RODO). O ile zosta\u0142a wyra\u017cona odpowiednia zgoda, przetwarzanie odbywa si\u0119 wy\u0142\u0105cznie na podstawie art. 6 ust. 1 lit. a RODO oraz \u00a7 25 ust. 1 TDDDG, w zakresie, w jakim zgoda obejmuje przechowywanie plik\u00f3w cookie lub dost\u0119p do informacji na urz\u0105dzeniu ko\u0144cowym u\u017cytkownika (np. fingerprinting urz\u0105dzenia) w rozumieniu TDDDG. Zgoda mo\u017ce zosta\u0107 cofni\u0119ta w dowolnym momencie.<\/p><p data-start=\"1286\" data-end=\"1487\">Nasz(i) dostawca(-cy) hostingu b\u0119dzie\/b\u0119d\u0105 przetwarza\u0107 Pa\u0144stwa dane wy\u0142\u0105cznie w zakresie niezb\u0119dnym do realizacji swoich obowi\u0105zk\u00f3w umownych oraz zgodnie z naszymi instrukcjami dotycz\u0105cymi tych danych.<\/p><p data-start=\"1489\" data-end=\"1540\">Korzystamy z us\u0142ug nast\u0119puj\u0105cego dostawcy hostingu:<\/p><p data-start=\"1542\" data-end=\"1615\"><strong data-start=\"1542\" data-end=\"1560\">J&amp;P Media Labs<\/strong><br data-start=\"1560\" data-end=\"1563\" \/>Walther-Rathenau-Str. 173<br data-start=\"1588\" data-end=\"1591\" \/>26954 Nordenham<br data-start=\"1606\" data-end=\"1609\" \/>Niemcy<\/p><h4 data-start=\"1617\" data-end=\"2020\">Przetwarzanie danych na zlecenie (powierzenie przetwarzania danych)<\/h4><p data-start=\"1617\" data-end=\"2020\">Zawarli\u015bmy umow\u0119 powierzenia przetwarzania danych (AVV) w zwi\u0105zku z korzystaniem z wy\u017cej wymienionej us\u0142ugi. Jest to umowa wymagana przez przepisy o ochronie danych, kt\u00f3ra zapewnia, \u017ce dane osobowe odwiedzaj\u0105cych nasz\u0105 stron\u0119 internetow\u0105 s\u0105 przetwarzane wy\u0142\u0105cznie zgodnie z naszymi instrukcjami oraz z zachowaniem przepis\u00f3w RODO.<\/p><h4>\u00a0<\/h4><h4>Jak sp\u00f3\u0142ka L.I.T. AG chroni dane osobowe u\u017cytkownik\u00f3w?<\/h4><p>W wype\u0142nianych przez u\u017cytkownik\u00f3w formularzach s\u0142u\u017c\u0105cych do nawi\u0105zania kontaktu z naszymi przedsi\u0119biorstwami prosimy niekiedy o podanie danych wra\u017cliwych, na przyk\u0142ad adresu e-mail, adresu pocztowego, numeru telefonu czy numeru karty kredytowej. W takich sytuacjach sp\u00f3\u0142ka L.I.T. AG podejmuje wszystkie uzasadnione ekonomicznie kroki, aby utworzy\u0107 bezpieczne po\u0142\u0105czenie z przegl\u0105dark\u0105 internetow\u0105 u\u017cytkownika. W przypadku stron internetowych firmy L.I.T. AG, kt\u00f3re s\u0142u\u017c\u0105 przetwarzaniu transakcji w ramach handlu elektronicznego, numery kart kredytowych s\u0105 wykorzystywane wy\u0142\u0105cznie w celu realizacji p\u0142atno\u015bci i nie s\u0105 one udost\u0119pniane podmiotom trzecim. Informujemy, \u017ce nasza strona internetowa zawiera linki do innych stron internetowych, kt\u00f3re nie nale\u017c\u0105 do L.I.T. AG. Staramy si\u0119 tworzy\u0107 linki tylko do takich stron internetowych, kt\u00f3re, podobnie jak my, dbaj\u0105 o ochron\u0119 danych klient\u00f3w, jednak nie ponosimy odpowiedzialno\u015bci za ich tre\u015b\u0107 ani za ich polityk\u0119 prywatno\u015bci.<\/p><h4>Jak mo\u017cna zaktualizowa\u0107 swoje dane osobowe lub odwo\u0142a\u0107 swoj\u0105 zgod\u0119?<\/h4><p>U\u017cytkownik mo\u017ce nam pom\u00f3c w dbaniu o prawid\u0142owo\u015b\u0107 jego danych informuj\u0105c sp\u00f3\u0142k\u0119 L.I.T. AG o wszelkich zmianach swojego adresu pocztowego, numeru telefonu czy adresu e-mail. U\u017cytkownik jest w ka\u017cdej chwili uprawniony do z\u0142o\u017cenia wniosku do L.I.T. AG o udzielenie informacji na temat zapisanych danych dotycz\u0105cych jego osoby.<\/p><p>Wszystkie dane osobowe s\u0105 traktowane ca\u0142kowicie poufnie. Podczas gromadzenia, przetwarzania i wykorzystania danych i poszczeg\u00f3lnych informacji surowo przestrzegamy postanowie\u0144 ustawowych og\u00f3lnego rozporz\u0105dzenia o ochronie danych (RODO) i ustawy o mediach elektronicznych.<\/p><p>U\u017cytkownik mo\u017ce w ka\u017cdej chwili ograniczy\u0107, sprzeciwi\u0107 si\u0119 lub odwo\u0142a\u0107 swoj\u0105 zgod\u0119 na wykorzystywanie, przetwarzanie lub przekazywanie jego danych tak\u017ce w celach marketingowych w drodze pisemnego zawiadomienia do<\/p><p>L.I.T. AG<br \/>Otto-Hahn-Stra\u00dfe 18<br \/>26919 Brake<\/p><p>.<\/p><p>Ponadto u\u017cytkownik ma prawo do przenoszenia danych.<\/p><p>U\u017cytkownikowi przys\u0142uguje tak\u017ce prawo do z\u0142o\u017cenia do organu nadzorczego skargi dotycz\u0105cej przetwarzania przez nas jego danych. Z regu\u0142y nale\u017cy si\u0119 zwr\u00f3ci\u0107 w tej sprawie do organu nadzorczego w\u0142a\u015bciwego dla swojego zwyczajowego miejsca pobytu. W\u00a0razie dodatkowych pyta\u0144, sugestii lub \u017cycze\u0144 prosimy o kontakt z naszym inspektorem ochrony danych. Jest on dost\u0119pny pod adresem e-mail: <a href=\"mailto:Datenschutzbeauftragter(at)lit.de\">Datenschutzbeauftragter(at)lit.de<\/a>.<\/p><h4>Korzystanie z us\u0142ugi mapy<\/h4><p>W celu prezentacji naszych oddzia\u0142\u00f3w na mapie korzystamy z us\u0142ugi Mapsmarker.<br \/>Aktualna polityka prywatno\u015bci jest dost\u0119pna tutaj:<a href=\"https:\/\/www.mapsmarker.com\/privacy-policy\/#collection-and-use-of-personal-information\" target=\"_blank\" rel=\"noopener noreferrer nofollow\"> https:\/\/www.mapsmarker.com\/privacy-policy\/#collection-and-use-of-personal-information<\/a><\/p><h4>Polityka prywatno\u015bci na potrzeby korzystania z Google Analytics i czcionek internetowych Google<\/h4><p>Ta strona internetowa korzysta z\u00a0Google Analytics, us\u0142ugi analizy sieciowej udost\u0119pnianej przez Google Inc. (\u201eGoogle\u201d). Google Analytics wykorzystuje tzw. pliki \u201ecookie\u201d, czyli pliki tekstowe zapisywane na komputerze u\u017cytkownika, umo\u017cliwiaj\u0105ce analiz\u0119 korzystania przez niego ze strony internetowej. Informacje generowane przez plik cookie na temat sposobu korzystania przez u\u017cytkownika z\u00a0niniejszej strony internetowej s\u0105 zazwyczaj przesy\u0142ane na serwer firmy Google w\u00a0USA i\u00a0tam zapisywane. Stanowi to nasz uzasadniony interes w\u00a0rozumieniu art. 6 RODO. Je\u015bli jednak na tej stronie internetowej w\u0142\u0105czona jest anonimizacja adresu IP, adres IP zostanie najpierw skr\u00f3cony przez Google na terenie pa\u0144stw cz\u0142onkowskich Unii Europejskiej lub innych pa\u0144stw Europejskiego Obszaru Gospodarczego, kt\u00f3re podpisa\u0142y umow\u0119.<\/p><p>Tylko w\u00a0wyj\u0105tkowych przypadkach ca\u0142y adres IP jest przesy\u0142any na serwer firmy Google w\u00a0USA i\u00a0tam skracany. Na zlecenie operatora niniejszej strony internetowej firma Google b\u0119dzie wykorzystywa\u0107 te informacje do analizy korzystania ze strony internetowej przez u\u017cytkownika, sporz\u0105dzania raport\u00f3w na temat aktywno\u015bci na stronie internetowej oraz \u015bwiadczenia operatorowi strony internetowej innych us\u0142ug zwi\u0105zanych z\u00a0korzystaniem ze strony internetowej i\u00a0Internetu. Adres IP przes\u0142any przez przegl\u0105dark\u0119 u\u017cytkownika w\u00a0ramach us\u0142ugi Google Analytics nie jest \u0142\u0105czony z\u00a0innymi danymi Google.<\/p><p>Przez odpowiednie ustawienie przegl\u0105darki internetowej u\u017cytkownik mo\u017ce zablokowa\u0107 zapisywanie plik\u00f3w cookie. Zwracamy jednak uwag\u0119, \u017ce w\u00a0takim przypadku niekt\u00f3re z\u00a0funkcji tej strony internetowej mog\u0105 nie by\u0107 w\u00a0pe\u0142ni dost\u0119pne. Ponadto u\u017cytkownik mo\u017ce zablokowa\u0107 zapisywanie przez Google danych wygenerowanych przez plik cookie i\u00a0odnosz\u0105cych si\u0119 do korzystania przez niego ze strony internetowej oraz przetwarzania tych danych przez Google, pobieraj\u0105c i\u00a0instaluj\u0105c wtyczk\u0119 do przegl\u0105darki dost\u0119pn\u0105 pod nast\u0119puj\u0105cym adresem (aktualny adres: tools.google.com\/dlpage\/gaoptout).<\/p><p>Firma Google podlega programowi Tarcza Prywatno\u015bci, zawartemu mi\u0119dzy Uni\u0105 Europejsk\u0105 a USA i jest obj\u0119ta stosownym certyfikatem. Zgodnie z tym firma Google zobowi\u0105za\u0142a si\u0119 do przestrzegania standard\u00f3w i przepis\u00f3w europejskiego prawa w zakresie ochrony danych.<br \/>Wi\u0119cej informacji mo\u017cna uzyska\u0107 pod podanym linkiem: <a href=\"https:\/\/www.privacyshield.gov\/participant?id=a2zt000000001L5AAI&amp;status=Active\" target=\"_blank\" rel=\"noopener noreferrer nofollow\">https:\/\/www.privacyshield.gov\/participant?id=a2zt000000001L5AAI&amp;status=Active<\/a><\/p><h4>Czcionki internetowe Google<\/h4><p>Niniejsza strona wykorzystuje tzw. czcionki internetowe dostarczane przez Google, s\u0142u\u017c\u0105ce do jednolitego wy\u015bwietlania czcionek. Podczas wizyty na stronie przegl\u0105darka u\u017cytkownika umieszcza wymagane czcionki internetowe w\u00a0pami\u0119ci podr\u0119cznej przegl\u0105darki, aby poprawnie wy\u015bwietla\u0107 teksty i\u00a0czcionki.<\/p><p>W tym celu przegl\u0105darka u\u017cytkownika musi po\u0142\u0105czy\u0107 si\u0119 z\u00a0serwerami Google. W ten spos\u00f3b firma Google uzyskuje informacj\u0119 o\u00a0tym, \u017ce nasza strona internetowa zosta\u0142a wywo\u0142ana przez dany adres IP u\u017cytkownika. Korzystanie z\u00a0czcionek internetowych Google ma na celu jednolit\u0105 i\u00a0atrakcyjn\u0105 prezentacj\u0119 naszej oferty online. Stanowi to uzasadniony interes w\u00a0rozumieniu art. 6 ust. 1 lit. f RODO.<\/p><p>Je\u015bli czcionki internetowe przegl\u0105darki nie s\u0105 obs\u0142ugiwane, komputer u\u017cyje czcionki domy\u015blnej.<\/p><p>Wi\u0119cej informacji na temat czcionek internetowych Google mo\u017cna znale\u017a\u0107 na stronie <a href=\"https:\/\/developers.google.com\/fonts\/faq\" target=\"_blank\" rel=\"noopener noreferrer nofollow\">https:\/\/developers.google.com\/fonts\/faq<\/a> oraz w polityce prywatno\u015bci Google: <a href=\"https:\/\/www.google.com\/policies\/privacy\/\" target=\"_blank\" rel=\"noopener noreferrer nofollow\">https:\/\/www.google.com\/policies\/privacy\/<\/a><\/p>\t\t\t\t\t\t<\/div>\n\t\t\t\t<\/div>\n\t\t\t\t\t<\/div>\n\t\t<\/div>\n\t\t\t\t\t<\/div>\n\t\t<\/section>\n\t\t\t\t<\/div>\n\t\t","protected":false},"excerpt":{"rendered":"<p>POLITYKA PRYWATNO\u015aCI TWOJE DANE S\u0104 DLA NAS WA\u017bNE! Sp\u00f3\u0142ka Die L.I.T. AG jest w pe\u0142ni \u015bwiadoma wa\u017cno\u015bci kwestii ochrony danych w Internecie i jako swoje zadanie postrzega ochron\u0119 sfery prywatnej u\u017cytkownik\u00f3w na jej stronach internetowych. Sp\u00f3\u0142ka L.I.T. AG podejmuje racjonalne dzia\u0142ania maj\u0105ce na celu ochron\u0119 wszystkich informacji uzyskanych od naszych u\u017cytkownik\u00f3w online przed nieuprawnionym dost\u0119pem [&hellip;]<\/p>\n","protected":false},"author":16,"featured_media":0,"parent":0,"menu_order":0,"comment_status":"closed","ping_status":"closed","template":"","meta":{"footnotes":""},"class_list":["post-17894","page","type-page","status-publish","hentry"],"_links":{"self":[{"href":"https:\/\/www.lit.de\/pl\/wp-json\/wp\/v2\/pages\/17894","targetHints":{"allow":["GET"]}}],"collection":[{"href":"https:\/\/www.lit.de\/pl\/wp-json\/wp\/v2\/pages"}],"about":[{"href":"https:\/\/www.lit.de\/pl\/wp-json\/wp\/v2\/types\/page"}],"author":[{"embeddable":true,"href":"https:\/\/www.lit.de\/pl\/wp-json\/wp\/v2\/users\/16"}],"replies":[{"embeddable":true,"href":"https:\/\/www.lit.de\/pl\/wp-json\/wp\/v2\/comments?post=17894"}],"version-history":[{"count":4,"href":"https:\/\/www.lit.de\/pl\/wp-json\/wp\/v2\/pages\/17894\/revisions"}],"predecessor-version":[{"id":124281,"href":"https:\/\/www.lit.de\/pl\/wp-json\/wp\/v2\/pages\/17894\/revisions\/124281"}],"wp:attachment":[{"href":"https:\/\/www.lit.de\/pl\/wp-json\/wp\/v2\/media?parent=17894"}],"curies":[{"name":"wp","href":"https:\/\/api.w.org\/{rel}","templated":true}]}}