{"id":121924,"date":"2024-06-06T10:30:35","date_gmt":"2024-06-06T08:30:35","guid":{"rendered":"https:\/\/www.lit.de\/beschwerdeformular\/"},"modified":"2025-12-04T13:20:10","modified_gmt":"2025-12-04T12:20:10","slug":"beschwerdeformular","status":"publish","type":"page","link":"https:\/\/www.lit.de\/fr\/beschwerdeformular\/","title":{"rendered":"Formulaire de r\u00e9clamation"},"content":{"rendered":"\t\t<div data-elementor-type=\"wp-page\" data-elementor-id=\"121924\" class=\"elementor elementor-121924 elementor-32647\" data-elementor-post-type=\"page\">\n\t\t\t\t\t\t<section class=\"elementor-section elementor-top-section elementor-element elementor-element-36500ea elementor-section-boxed elementor-section-height-default elementor-section-height-default\" data-id=\"36500ea\" data-element_type=\"section\" data-settings=\"{&quot;background_background&quot;:&quot;classic&quot;}\">\n\t\t\t\t\t\t<div class=\"elementor-container elementor-column-gap-wider\">\n\t\t\t\t\t<div class=\"elementor-column elementor-col-50 elementor-top-column elementor-element elementor-element-7bb1d68\" data-id=\"7bb1d68\" data-element_type=\"column\">\n\t\t\t<div class=\"elementor-widget-wrap elementor-element-populated\">\n\t\t\t\t\t\t<div class=\"elementor-element elementor-element-8cbd8fb elementor-widget__width-initial elementor-widget elementor-widget-heading\" data-id=\"8cbd8fb\" data-element_type=\"widget\" data-widget_type=\"heading.default\">\n\t\t\t\t<div class=\"elementor-widget-container\">\n\t\t\t<h1 class=\"elementor-heading-title elementor-size-default\">VOUS SOUHAITEZ NOUS FAIRE UNE REMARQUE ?<\/h1>\t\t<\/div>\n\t\t\t\t<\/div>\n\t\t\t\t<div class=\"elementor-element elementor-element-26ee714 elementor-widget elementor-widget-text-editor\" data-id=\"26ee714\" data-element_type=\"widget\" data-widget_type=\"text-editor.default\">\n\t\t\t\t<div class=\"elementor-widget-container\">\n\t\t\t\t\t\t\t<p>Nous prenons vos pr\u00e9occupations au s\u00e9rieux. Vous pouvez signaler tout soup\u00e7on de violation r\u00e9elle ou potentielle des r\u00e8glements internes, des droits de l\u2019homme ou des obligations et risques environnementaux, li\u00e9s directement au groupe L.I.T. ou survenant au sein de notre cha\u00eene d\u2019approvisionnement. Pour d\u00e9poser une r\u00e9clamation, veuillez remplir le formulaire pr\u00e9vu \u00e0 cet effet.<\/p>\n<p>Les personnes signalant un incident sont prot\u00e9g\u00e9es par L.I.T. AG et ne doivent craindre aucune discrimination.<br \/>Toutes les informations relatives \u00e0 notre gestion des plaintes sont disponibles dans notre r\u00e8glement interne conform\u00e9ment \u00e0 la loi sur le devoir de diligence dans la cha\u00eene d\u2019approvisionnement (LkSG).<br \/>Notre d\u00e9claration de principes est disponible ici.<\/p>\n\t\t\t\t\t\t<\/div>\n\t\t\t\t<\/div>\n\t\t\t\t\t<\/div>\n\t\t<\/div>\n\t\t\t\t<div class=\"elementor-column elementor-col-50 elementor-top-column elementor-element elementor-element-67af93b\" data-id=\"67af93b\" data-element_type=\"column\">\n\t\t\t<div class=\"elementor-widget-wrap elementor-element-populated\">\n\t\t\t\t\t\t<div class=\"elementor-element elementor-element-0c9223a elementor-widget elementor-widget-text-editor\" data-id=\"0c9223a\" data-element_type=\"widget\" data-widget_type=\"text-editor.default\">\n\t\t\t\t<div class=\"elementor-widget-container\">\n\t\t\t\t\t\t\t\n<div class=\"wpcf7 no-js\" id=\"wpcf7-f121083-o1\" lang=\"fr-FR\" dir=\"ltr\" data-wpcf7-id=\"121083\">\n<div class=\"screen-reader-response\"><p role=\"status\" aria-live=\"polite\" aria-atomic=\"true\"><\/p> <ul><\/ul><\/div>\n<form action=\"\/fr\/wp-json\/wp\/v2\/pages\/121924#wpcf7-f121083-o1\" method=\"post\" class=\"wpcf7-form init\" aria-label=\"Formulaire de contact\" novalidate=\"novalidate\" data-status=\"init\">\n<fieldset class=\"hidden-fields-container\"><input type=\"hidden\" name=\"_wpcf7\" value=\"121083\" \/><input type=\"hidden\" name=\"_wpcf7_version\" value=\"6.1.5\" \/><input type=\"hidden\" name=\"_wpcf7_locale\" value=\"fr_FR\" \/><input type=\"hidden\" name=\"_wpcf7_unit_tag\" value=\"wpcf7-f121083-o1\" \/><input type=\"hidden\" name=\"_wpcf7_container_post\" value=\"0\" \/><input type=\"hidden\" name=\"_wpcf7_posted_data_hash\" value=\"\" \/><input type=\"hidden\" name=\"_wpcf7_recaptcha_response\" value=\"\" \/>\n<\/fieldset>\n<p><label> <span class=\"wpcf7-form-control-wrap\" data-name=\"Nameoptional\"><input size=\"40\" maxlength=\"400\" class=\"wpcf7-form-control wpcf7-text\" aria-invalid=\"false\" placeholder=\"Nom (facultati)\" value=\"\" type=\"text\" name=\"Nameoptional\" \/><\/span> <\/label>\n<\/p>\n<p><label> <span class=\"wpcf7-form-control-wrap\" data-name=\"E-Mail-Adresse\"><input size=\"40\" maxlength=\"400\" class=\"wpcf7-form-control wpcf7-email wpcf7-validates-as-required wpcf7-text wpcf7-validates-as-email\" aria-required=\"true\" aria-invalid=\"false\" placeholder=\"Adresse e-mail*\" value=\"\" type=\"email\" name=\"E-Mail-Adresse\" \/><\/span> <\/label>\n<\/p>\n<p><label> <span class=\"wpcf7-form-control-wrap\" data-name=\"Telefonnummeroptional\"><input size=\"40\" maxlength=\"400\" class=\"wpcf7-form-control wpcf7-text\" aria-invalid=\"false\" placeholder=\"Num\u00e9ro de t\u00e9l\u00e9phone (facultatif)\" value=\"\" type=\"text\" name=\"Telefonnummeroptional\" \/><\/span> <\/label>\n<\/p>\n<p><label> <span class=\"wpcf7-form-control-wrap\" data-name=\"BetroffenerUnternehmensstandortPflichtfeld\"><input size=\"40\" maxlength=\"400\" class=\"wpcf7-form-control wpcf7-text\" aria-invalid=\"false\" placeholder=\"Site de l\u2019entreprise concern\u00e9*\" value=\"\" type=\"text\" name=\"BetroffenerUnternehmensstandortPflichtfeld\" \/><\/span> <\/label>\n<\/p>\n<p><label> <span class=\"wpcf7-form-control-wrap\" data-name=\"VermutlichbetroffeneAbteilungGeschftePflichtfeld\"><input size=\"40\" maxlength=\"400\" class=\"wpcf7-form-control wpcf7-text\" aria-invalid=\"false\" placeholder=\"Service \/ activit\u00e9s probablement concern\u00e9(e)s*\" value=\"\" type=\"text\" name=\"VermutlichbetroffeneAbteilungGeschftePflichtfeld\" \/><\/span> <\/label>\n<\/p>\n<p>Quand l\u2019\u00e9v\u00e9nement a-t-il eu lieu ?*<br \/>\n<label><span class=\"wpcf7-form-control-wrap\" data-name=\"WannistdasEreignispassiertPflichtfeld\"><input class=\"wpcf7-form-control wpcf7-date wpcf7-validates-as-required wpcf7-validates-as-date\" aria-required=\"true\" aria-invalid=\"false\" placeholder=\"Quand l\u2019\u00e9v\u00e9nement a-t-il eu lieu ?**\" value=\"\" type=\"date\" name=\"WannistdasEreignispassiertPflichtfeld\" \/><\/span><\/label>\n<\/p>\n<p>Que s\u2019est-il pass\u00e9 ?*<br \/>\n<label><span class=\"wpcf7-form-control-wrap\" data-name=\"Wasistpassiert\"><textarea cols=\"40\" rows=\"10\" maxlength=\"2000\" class=\"wpcf7-form-control wpcf7-textarea\" aria-invalid=\"false\" placeholder=\"D\u00e9crire bri\u00e8vement l\u2019\u00e9v\u00e9nement\" name=\"Wasistpassiert\"><\/textarea><\/span><\/label>\n<\/p>\n<p><label><span class=\"wpcf7-form-control-wrap\" data-name=\"WarumwirddasEreignisgemeldetPflichtfeld\"><input size=\"40\" maxlength=\"400\" class=\"wpcf7-form-control wpcf7-text\" aria-invalid=\"false\" placeholder=\"Pourquoi cet \u00e9v\u00e9nement est-il signal\u00e9 ?*\" value=\"\" type=\"text\" name=\"WarumwirddasEreignisgemeldetPflichtfeld\" \/><\/span><\/label>\n<\/p>\n<p><label><span class=\"wpcf7-form-control-wrap\" data-name=\"SonstigeInformationenoptional\"><textarea cols=\"40\" rows=\"10\" maxlength=\"2000\" class=\"wpcf7-form-control wpcf7-textarea\" aria-invalid=\"false\" placeholder=\"Autres informations (facultatif)\" name=\"SonstigeInformationenoptional\"><\/textarea><\/span><\/label>\n<\/p>\n<p><span class=\"wpcf7-form-control-wrap\" data-name=\"Datenschutz\"><span class=\"wpcf7-form-control wpcf7-acceptance\"><span class=\"wpcf7-list-item\"><label><input type=\"checkbox\" name=\"Datenschutz\" value=\"1\" aria-invalid=\"false\" \/><span class=\"wpcf7-list-item-label\">IJ\u2019ai pris connaissance de la d\u00e9claration de protection des donn\u00e9es et j\u2019accepte que mes donn\u00e9es soient stock\u00e9es conform\u00e9ment \u00e0 celle-ci.*<\/span><\/label><\/span><\/span><\/span>\n<\/p>\n<p><input class=\"wpcf7-form-control wpcf7-submit has-spinner\" type=\"submit\" value=\"Envoyer\" \/>\n<\/p><div class=\"wpcf7-response-output\" aria-hidden=\"true\"><\/div>\n<\/form>\n<\/div>\n\n\t\t\t\t\t\t<\/div>\n\t\t\t\t<\/div>\n\t\t\t\t\t<\/div>\n\t\t<\/div>\n\t\t\t\t\t<\/div>\n\t\t<\/section>\n\t\t\t\t<\/div>\n\t\t","protected":false},"excerpt":{"rendered":"<p>VOUS SOUHAITEZ NOUS FAIRE UNE REMARQUE ? Nous prenons vos pr\u00e9occupations au s\u00e9rieux. Vous pouvez signaler tout soup\u00e7on de violation r\u00e9elle ou potentielle des r\u00e8glements internes, des droits de l\u2019homme ou des obligations et risques environnementaux, li\u00e9s directement au groupe L.I.T. ou survenant au sein de notre cha\u00eene d\u2019approvisionnement. Pour d\u00e9poser une r\u00e9clamation, veuillez remplir [&hellip;]<\/p>\n","protected":false},"author":21,"featured_media":0,"parent":0,"menu_order":7,"comment_status":"closed","ping_status":"closed","template":"","meta":{"footnotes":""},"class_list":["post-121924","page","type-page","status-publish","hentry"],"_links":{"self":[{"href":"https:\/\/www.lit.de\/fr\/wp-json\/wp\/v2\/pages\/121924","targetHints":{"allow":["GET"]}}],"collection":[{"href":"https:\/\/www.lit.de\/fr\/wp-json\/wp\/v2\/pages"}],"about":[{"href":"https:\/\/www.lit.de\/fr\/wp-json\/wp\/v2\/types\/page"}],"author":[{"embeddable":true,"href":"https:\/\/www.lit.de\/fr\/wp-json\/wp\/v2\/users\/21"}],"replies":[{"embeddable":true,"href":"https:\/\/www.lit.de\/fr\/wp-json\/wp\/v2\/comments?post=121924"}],"version-history":[{"count":1,"href":"https:\/\/www.lit.de\/fr\/wp-json\/wp\/v2\/pages\/121924\/revisions"}],"predecessor-version":[{"id":121925,"href":"https:\/\/www.lit.de\/fr\/wp-json\/wp\/v2\/pages\/121924\/revisions\/121925"}],"wp:attachment":[{"href":"https:\/\/www.lit.de\/fr\/wp-json\/wp\/v2\/media?parent=121924"}],"curies":[{"name":"wp","href":"https:\/\/api.w.org\/{rel}","templated":true}]}}