{"id":121099,"date":"2020-08-07T15:52:00","date_gmt":"2020-08-07T13:52:00","guid":{"rendered":"https:\/\/www.lit.de\/genderregelung\/"},"modified":"2025-11-07T15:37:08","modified_gmt":"2025-11-07T14:37:08","slug":"genderregelung","status":"publish","type":"page","link":"https:\/\/www.lit.de\/fr\/genderregelung\/","title":{"rendered":"R\u00c8GLES DE GENRE"},"content":{"rendered":"\t\t<div data-elementor-type=\"wp-page\" data-elementor-id=\"121099\" class=\"elementor elementor-121099 elementor-9157\" data-elementor-post-type=\"page\">\n\t\t\t\t\t\t<section class=\"elementor-section elementor-top-section elementor-element elementor-element-1af55fc elementor-section-boxed elementor-section-height-default elementor-section-height-default\" data-id=\"1af55fc\" data-element_type=\"section\">\n\t\t\t\t\t\t\t<div class=\"elementor-background-overlay\"><\/div>\n\t\t\t\t\t\t\t<div class=\"elementor-container elementor-column-gap-default\">\n\t\t\t\t\t<div class=\"elementor-column elementor-col-100 elementor-top-column elementor-element elementor-element-3561535\" data-id=\"3561535\" data-element_type=\"column\">\n\t\t\t<div class=\"elementor-widget-wrap elementor-element-populated\">\n\t\t\t\t\t\t<div class=\"elementor-element elementor-element-2cd0339 elementor-widget elementor-widget-menu-anchor\" data-id=\"2cd0339\" data-element_type=\"widget\" data-widget_type=\"menu-anchor.default\">\n\t\t\t\t<div class=\"elementor-widget-container\">\n\t\t\t\t\t<div id=\"aktuelles\" class=\"elementor-menu-anchor\"><\/div>\n\t\t\t\t<\/div>\n\t\t\t\t<\/div>\n\t\t\t\t<div class=\"elementor-element elementor-element-267803d elementor-widget elementor-widget-menu-anchor\" data-id=\"267803d\" data-element_type=\"widget\" data-widget_type=\"menu-anchor.default\">\n\t\t\t\t<div class=\"elementor-widget-container\">\n\t\t\t\t\t<div id=\"aktuelles\" class=\"elementor-menu-anchor\"><\/div>\n\t\t\t\t<\/div>\n\t\t\t\t<\/div>\n\t\t\t\t<div class=\"elementor-element elementor-element-69a5d95 elementor-widget elementor-widget-menu-anchor\" data-id=\"69a5d95\" data-element_type=\"widget\" data-widget_type=\"menu-anchor.default\">\n\t\t\t\t<div class=\"elementor-widget-container\">\n\t\t\t\t\t<div id=\"aktuelles\" class=\"elementor-menu-anchor\"><\/div>\n\t\t\t\t<\/div>\n\t\t\t\t<\/div>\n\t\t\t\t\t<\/div>\n\t\t<\/div>\n\t\t\t\t\t<\/div>\n\t\t<\/section>\n\t\t\t\t<section class=\"elementor-section elementor-top-section elementor-element elementor-element-a7dbb96 elementor-section-boxed elementor-section-height-default elementor-section-height-default\" data-id=\"a7dbb96\" data-element_type=\"section\" data-settings=\"{&quot;background_background&quot;:&quot;classic&quot;}\">\n\t\t\t\t\t\t<div class=\"elementor-container elementor-column-gap-default\">\n\t\t\t\t\t<div class=\"elementor-column elementor-col-100 elementor-top-column elementor-element elementor-element-347bac4\" data-id=\"347bac4\" data-element_type=\"column\" data-settings=\"{&quot;background_background&quot;:&quot;classic&quot;}\">\n\t\t\t<div class=\"elementor-widget-wrap elementor-element-populated\">\n\t\t\t\t\t\t<div class=\"elementor-element elementor-element-cded807 elementor-nav-menu__align-start lit-sticky elementor-nav-menu--dropdown-mobile elementor-nav-menu__text-align-aside elementor-nav-menu--toggle elementor-nav-menu--burger elementor-widget elementor-widget-nav-menu\" data-id=\"cded807\" data-element_type=\"widget\" data-settings=\"{&quot;layout&quot;:&quot;vertical&quot;,&quot;submenu_icon&quot;:{&quot;value&quot;:&quot;&lt;i class=\\&quot;\\&quot;&gt;&lt;\\\/i&gt;&quot;,&quot;library&quot;:&quot;&quot;},&quot;toggle&quot;:&quot;burger&quot;}\" data-widget_type=\"nav-menu.default\">\n\t\t\t\t<div class=\"elementor-widget-container\">\n\t\t\t\t\t\t<nav class=\"elementor-nav-menu--main elementor-nav-menu__container elementor-nav-menu--layout-vertical e--pointer-none\">\n\t\t\t\t<ul id=\"menu-1-cded807\" class=\"elementor-nav-menu sm-vertical\"><li class=\"menu-item menu-item-type-custom menu-item-object-custom menu-item-122745\"><a href=\"https:\/\/www.lit.de\/fr\/presse\/#SportSponsoring\" class=\"elementor-item elementor-item-anchor\">Sponsoring Sportif<\/a><\/li>\n<li class=\"menu-item menu-item-type-custom menu-item-object-custom menu-item-122746\"><a href=\"https:\/\/www.lit.de\/fr\/presse\/#ansprechpartner_presse\" class=\"elementor-item elementor-item-anchor\">Interlocuteur<\/a><\/li>\n<li class=\"menu-item menu-item-type-custom menu-item-object-custom menu-item-122747\"><a href=\"https:\/\/www.lit.de\/fr\/presse\/#presseanfragen\" class=\"elementor-item elementor-item-anchor\">Demandes de presse<\/a><\/li>\n<\/ul>\t\t\t<\/nav>\n\t\t\t\t\t<div class=\"elementor-menu-toggle\" role=\"button\" tabindex=\"0\" aria-label=\"Permuter le menu\" aria-expanded=\"false\">\n\t\t\t<i aria-hidden=\"true\" role=\"presentation\" class=\"elementor-menu-toggle__icon--open eicon-menu-bar\"><\/i><i aria-hidden=\"true\" role=\"presentation\" class=\"elementor-menu-toggle__icon--close eicon-close\"><\/i>\t\t\t<span class=\"elementor-screen-only\">Menu<\/span>\n\t\t<\/div>\n\t\t\t\t\t<nav class=\"elementor-nav-menu--dropdown elementor-nav-menu__container\" aria-hidden=\"true\">\n\t\t\t\t<ul id=\"menu-2-cded807\" class=\"elementor-nav-menu sm-vertical\"><li class=\"menu-item menu-item-type-custom menu-item-object-custom menu-item-122745\"><a href=\"https:\/\/www.lit.de\/fr\/presse\/#SportSponsoring\" class=\"elementor-item elementor-item-anchor\" tabindex=\"-1\">Sponsoring Sportif<\/a><\/li>\n<li class=\"menu-item menu-item-type-custom menu-item-object-custom menu-item-122746\"><a href=\"https:\/\/www.lit.de\/fr\/presse\/#ansprechpartner_presse\" class=\"elementor-item elementor-item-anchor\" tabindex=\"-1\">Interlocuteur<\/a><\/li>\n<li class=\"menu-item menu-item-type-custom menu-item-object-custom menu-item-122747\"><a href=\"https:\/\/www.lit.de\/fr\/presse\/#presseanfragen\" class=\"elementor-item elementor-item-anchor\" tabindex=\"-1\">Demandes de presse<\/a><\/li>\n<\/ul>\t\t\t<\/nav>\n\t\t\t\t<\/div>\n\t\t\t\t<\/div>\n\t\t\t\t<div class=\"elementor-element elementor-element-fe79de7 elementor-widget elementor-widget-text-editor\" data-id=\"fe79de7\" data-element_type=\"widget\" data-widget_type=\"text-editor.default\">\n\t\t\t\t<div class=\"elementor-widget-container\">\n\t\t\t\t\t\t\t<p>R\u00c8GLES DE GENRE<\/p>\n\t\t\t\t\t\t<\/div>\n\t\t\t\t<\/div>\n\t\t\t\t<div class=\"elementor-element elementor-element-0262698 elementor-widget elementor-widget-heading\" data-id=\"0262698\" data-element_type=\"widget\" data-widget_type=\"heading.default\">\n\t\t\t\t<div class=\"elementor-widget-container\">\n\t\t\t<h1 class=\"elementor-heading-title elementor-size-default\">CHEZ NOUS, TOUTES LES PERSONNES SONT LES BIENVENUES, QUELS QUE SOIENT LEUR GENRE ET LEUR IDENTIT\u00c9!<\/h1>\t\t<\/div>\n\t\t\t\t<\/div>\n\t\t\t\t<div class=\"elementor-element elementor-element-fd5b02e elementor-widget elementor-widget-text-editor\" data-id=\"fd5b02e\" data-element_type=\"widget\" data-widget_type=\"text-editor.default\">\n\t\t\t\t<div class=\"elementor-widget-container\">\n\t\t\t\t\t\t\t<p>Pour des raisons de lisibilit\u00e9, nous utilisons le masculin g\u00e9n\u00e9rique. Les termes employ\u00e9s s\u2019entendent toutefois comme neutres et englobent tous les genres.<\/p>\n<p>La forme linguistique choisie a uniquement une finalit\u00e9 r\u00e9dactionnelle et ne comporte aucun jugement de valeur. Bien entendu, toutes les personnes, ind\u00e9pendamment de leur genre, sont chaleureusement accueillies chez nous<\/p>\n\t\t\t\t\t\t<\/div>\n\t\t\t\t<\/div>\n\t\t\t\t\t<\/div>\n\t\t<\/div>\n\t\t\t\t\t<\/div>\n\t\t<\/section>\n\t\t\t\t<\/div>\n\t\t","protected":false},"excerpt":{"rendered":"<p>R\u00c8GLES DE GENRE CHEZ NOUS, TOUTES LES PERSONNES SONT LES BIENVENUES, QUELS QUE SOIENT LEUR GENRE ET LEUR IDENTIT\u00c9! Pour des raisons de lisibilit\u00e9, nous utilisons le masculin g\u00e9n\u00e9rique. Les termes employ\u00e9s s\u2019entendent toutefois comme neutres et englobent tous les genres. La forme linguistique choisie a uniquement une finalit\u00e9 r\u00e9dactionnelle et ne comporte aucun jugement [&hellip;]<\/p>\n","protected":false},"author":16,"featured_media":0,"parent":0,"menu_order":28,"comment_status":"closed","ping_status":"closed","template":"","meta":{"footnotes":""},"class_list":["post-121099","page","type-page","status-publish","hentry"],"_links":{"self":[{"href":"https:\/\/www.lit.de\/fr\/wp-json\/wp\/v2\/pages\/121099","targetHints":{"allow":["GET"]}}],"collection":[{"href":"https:\/\/www.lit.de\/fr\/wp-json\/wp\/v2\/pages"}],"about":[{"href":"https:\/\/www.lit.de\/fr\/wp-json\/wp\/v2\/types\/page"}],"author":[{"embeddable":true,"href":"https:\/\/www.lit.de\/fr\/wp-json\/wp\/v2\/users\/16"}],"replies":[{"embeddable":true,"href":"https:\/\/www.lit.de\/fr\/wp-json\/wp\/v2\/comments?post=121099"}],"version-history":[{"count":2,"href":"https:\/\/www.lit.de\/fr\/wp-json\/wp\/v2\/pages\/121099\/revisions"}],"predecessor-version":[{"id":121101,"href":"https:\/\/www.lit.de\/fr\/wp-json\/wp\/v2\/pages\/121099\/revisions\/121101"}],"wp:attachment":[{"href":"https:\/\/www.lit.de\/fr\/wp-json\/wp\/v2\/media?parent=121099"}],"curies":[{"name":"wp","href":"https:\/\/api.w.org\/{rel}","templated":true}]}}