{"id":121096,"date":"2020-07-27T09:56:48","date_gmt":"2020-07-27T07:56:48","guid":{"rendered":"https:\/\/www.lit.de\/datenschutz\/"},"modified":"2026-02-02T12:41:15","modified_gmt":"2026-02-02T11:41:15","slug":"datenschutz","status":"publish","type":"page","link":"https:\/\/www.lit.de\/fr\/datenschutz\/","title":{"rendered":"PROTECTION DES DONN\u00c9ES"},"content":{"rendered":"\t\t<div data-elementor-type=\"wp-page\" data-elementor-id=\"121096\" class=\"elementor elementor-121096 elementor-8254\" data-elementor-post-type=\"page\">\n\t\t\t\t\t\t<section class=\"elementor-section elementor-top-section elementor-element elementor-element-1af55fc elementor-section-boxed elementor-section-height-default elementor-section-height-default\" data-id=\"1af55fc\" data-element_type=\"section\">\n\t\t\t\t\t\t\t<div class=\"elementor-background-overlay\"><\/div>\n\t\t\t\t\t\t\t<div class=\"elementor-container elementor-column-gap-default\">\n\t\t\t\t\t<div class=\"elementor-column elementor-col-100 elementor-top-column elementor-element elementor-element-3561535\" data-id=\"3561535\" data-element_type=\"column\">\n\t\t\t<div class=\"elementor-widget-wrap elementor-element-populated\">\n\t\t\t\t\t\t<div class=\"elementor-element elementor-element-2cd0339 elementor-widget elementor-widget-menu-anchor\" data-id=\"2cd0339\" data-element_type=\"widget\" data-widget_type=\"menu-anchor.default\">\n\t\t\t\t<div class=\"elementor-widget-container\">\n\t\t\t\t\t<div id=\"aktuelles\" class=\"elementor-menu-anchor\"><\/div>\n\t\t\t\t<\/div>\n\t\t\t\t<\/div>\n\t\t\t\t<div class=\"elementor-element elementor-element-267803d elementor-widget elementor-widget-menu-anchor\" data-id=\"267803d\" data-element_type=\"widget\" data-widget_type=\"menu-anchor.default\">\n\t\t\t\t<div class=\"elementor-widget-container\">\n\t\t\t\t\t<div id=\"aktuelles\" class=\"elementor-menu-anchor\"><\/div>\n\t\t\t\t<\/div>\n\t\t\t\t<\/div>\n\t\t\t\t<div class=\"elementor-element elementor-element-69a5d95 elementor-widget elementor-widget-menu-anchor\" data-id=\"69a5d95\" data-element_type=\"widget\" data-widget_type=\"menu-anchor.default\">\n\t\t\t\t<div class=\"elementor-widget-container\">\n\t\t\t\t\t<div id=\"aktuelles\" class=\"elementor-menu-anchor\"><\/div>\n\t\t\t\t<\/div>\n\t\t\t\t<\/div>\n\t\t\t\t\t<\/div>\n\t\t<\/div>\n\t\t\t\t\t<\/div>\n\t\t<\/section>\n\t\t\t\t<section class=\"elementor-section elementor-top-section elementor-element elementor-element-a7dbb96 elementor-section-boxed elementor-section-height-default elementor-section-height-default\" data-id=\"a7dbb96\" data-element_type=\"section\" data-settings=\"{&quot;background_background&quot;:&quot;classic&quot;}\">\n\t\t\t\t\t\t<div class=\"elementor-container elementor-column-gap-default\">\n\t\t\t\t\t<div class=\"elementor-column elementor-col-100 elementor-top-column elementor-element elementor-element-347bac4\" data-id=\"347bac4\" data-element_type=\"column\" data-settings=\"{&quot;background_background&quot;:&quot;classic&quot;}\">\n\t\t\t<div class=\"elementor-widget-wrap elementor-element-populated\">\n\t\t\t\t\t\t<div class=\"elementor-element elementor-element-fe79de7 elementor-widget elementor-widget-text-editor\" data-id=\"fe79de7\" data-element_type=\"widget\" data-widget_type=\"text-editor.default\">\n\t\t\t\t<div class=\"elementor-widget-container\">\n\t\t\t\t\t\t\t<p>PROTECTION DES DONN\u00c9ES<\/p>\n\t\t\t\t\t\t<\/div>\n\t\t\t\t<\/div>\n\t\t\t\t<div class=\"elementor-element elementor-element-0262698 elementor-widget elementor-widget-heading\" data-id=\"0262698\" data-element_type=\"widget\" data-widget_type=\"heading.default\">\n\t\t\t\t<div class=\"elementor-widget-container\">\n\t\t\t<h1 class=\"elementor-heading-title elementor-size-default\">VOS DONN\u00c9ES SONT IMPORTANTES POUR NOUS !<\/h1>\t\t<\/div>\n\t\t\t\t<\/div>\n\t\t\t\t<div class=\"elementor-element elementor-element-fd5b02e elementor-widget elementor-widget-text-editor\" data-id=\"fd5b02e\" data-element_type=\"widget\" data-widget_type=\"text-editor.default\">\n\t\t\t\t<div class=\"elementor-widget-container\">\n\t\t\t\t\t\t\t<p>L.I.T. AG est pleinement consciente de l\u2019importance des questions de protection des donn\u00e9es sur Internet et consid\u00e8re comme sa mission de pr\u00e9server votre vie priv\u00e9e sur nos sites web. L.I.T. AG prend des mesures appropri\u00e9es pour prot\u00e9ger toutes les informations re\u00e7ues de nos visiteurs en ligne contre tout acc\u00e8s ou usage non autoris\u00e9. De plus, nous soumettons r\u00e9guli\u00e8rement nos mesures de s\u00e9curit\u00e9 \u00e0 un contr\u00f4le. Nous avons \u00e9tabli les directives suivantes qui expliquent comment nous utilisons les informations que nous recevons des visiteurs de nos sites web :<\/p><h3>Responsable conform\u00e9ment \u00e0 l&rsquo;article 4, paragraphe 7 du RGPD<\/h3><p><br \/>L.I.T. AG<br \/><br \/>Otto-Hahn-Stra\u00dfe 18<br \/>26919 Brake<br \/><br \/>Le responsable est \u00e9galement d\u00e9sign\u00e9 ci-apr\u00e8s par \u00ab nous \u00bb.<\/p><h3>Quelles informations L.I.T. AG collecte-t-elle ?<\/h3><p><br \/>En g\u00e9n\u00e9ral, vous pouvez visiter L.I.T. AG sur Internet pour acc\u00e9der \u00e0 des informations et rester anonyme, sans fournir de donn\u00e9es personnelles. Cependant, nous pouvons parfois vous demander certaines informations (par exemple votre nom et votre adresse) afin de mieux comprendre vos motivations et de vous informer sur de nouveaux produits susceptibles de vous int\u00e9resser. Notre serveur web peut \u00e9galement enregistrer les noms de domaine, mais pas les adresses e-mail des visiteurs de notre site. Nous utilisons ces informations pour suivre qui nous visite et pour am\u00e9liorer le contenu de nos sites web. Ceci constitue notre int\u00e9r\u00eat l\u00e9gitime conform\u00e9ment \u00e0 l&rsquo;art. 6, paragraphe 1, f du RGPD. Lorsque vous utilisez notre formulaire de contact, nous vous demandons de fournir votre nom, votre num\u00e9ro de t\u00e9l\u00e9phone et votre adresse e-mail afin que nous puissions vous contacter concernant votre demande. Ici encore, il s&rsquo;agit d&rsquo;un int\u00e9r\u00eat l\u00e9gitime conform\u00e9ment \u00e0 l&rsquo;art. 6, paragraphe 1, f du RGPD<\/p><h4>PROTECTION DES DONN\u00c9ES<\/h4><p><br \/>L.I.T. Cargo GmbH<br \/>Salzgitter Str. 28<br \/>34225 Baunatal<br \/><br \/>T\u00e9l. : +49 561 98846913<br \/>E-mail : <a href=\"mailto:Datenschutzbeauftragter@lit.de\">Datenschutzbeauftragter@lit.de<\/a><br \/>E-mail : <a href=\"mailto:alexander.weiss@lit.de\">alexander.weiss@lit.de<\/a><\/p><h4>Cookies<\/h4><p><br \/>Nous utilisons des cookies dits de session pour optimiser notre site web. Un cookie de session est un petit fichier texte envoy\u00e9 par les serveurs lors de la visite d\u2019un site Internet et stock\u00e9 temporairement sur votre disque dur. Ce fichier contient un identifiant de session (Session-ID) permettant d\u2019associer diff\u00e9rentes requ\u00eates de votre navigateur \u00e0 la m\u00eame session. Cela permet de reconna\u00eetre votre ordinateur lorsque vous revenez sur notre site. Ces cookies sont supprim\u00e9s lorsque vous fermez votre navigateur. Notre int\u00e9r\u00eat l\u00e9gitime \u00e0 utiliser les cookies conform\u00e9ment \u00e0 l\u2019article 6 du RGPD est de rendre notre site web plus convivial, efficace et s\u00e9curis\u00e9.<\/p><h4>Les cookies peuvent contenir les donn\u00e9es et informations suivantes :<\/h4><p><br \/>\u2022 Informations de connexion<br \/>\u2022 Param\u00e8tres de langue<br \/>\u2022 Termes de recherche saisis<br \/>\u2022 Informations sur le nombre de visites sur notre site web ainsi que l\u2019utilisation de certaines fonctionnalit\u00e9s de notre site Internet<br \/><br \/>Lors de l\u2019activation du cookie, un num\u00e9ro d\u2019identification lui est attribu\u00e9 et aucune donn\u00e9e personnelle n\u2019est associ\u00e9e \u00e0 ce num\u00e9ro. Votre nom, votre adresse IP ou d\u2019autres donn\u00e9es permettant de relier le cookie \u00e0 vous ne sont pas enregistr\u00e9s dans les cookies. Sur la base de la technologie des cookies, nous recevons uniquement des informations pseudonymis\u00e9es, par exemple sur les pages visit\u00e9es, les produits consult\u00e9s, etc.<br \/><br \/>Vous pouvez configurer votre navigateur afin d\u2019\u00eatre inform\u00e9 avant la mise en place de cookies et d\u00e9cider au cas par cas d\u2019accepter ou de refuser les cookies pour certains cas ou globalement, ou encore emp\u00eacher compl\u00e8tement les cookies. Cela peut limiter les fonctionnalit\u00e9s du site web.<\/p><h4>Dur\u00e9e de conservation<\/h4><p><br \/>Sauf indication sp\u00e9cifique, nous ne conservons les donn\u00e9es personnelles que pendant la dur\u00e9e n\u00e9cessaire \u00e0 la r\u00e9alisation des finalit\u00e9s pour lesquelles elles ont \u00e9t\u00e9 collect\u00e9es.<br \/><br \/>Dans certains cas, la loi impose la conservation des donn\u00e9es personnelles, par exemple en droit fiscal ou commercial. Dans ces cas, les donn\u00e9es ne sont conserv\u00e9es que pour ces finalit\u00e9s l\u00e9gales, ne sont pas trait\u00e9es autrement et sont supprim\u00e9es \u00e0 l\u2019expiration de la dur\u00e9e l\u00e9gale de conservation<\/p><h4>\u00a0<\/h4><h4 data-start=\"80\" data-end=\"95\">H\u00e9bergement<\/h4><p data-start=\"97\" data-end=\"178\">Nous h\u00e9bergeons le contenu de notre site internet aupr\u00e8s du prestataire suivant :<\/p><h4 data-start=\"180\" data-end=\"622\">H\u00e9bergement externe<\/h4><p data-start=\"180\" data-end=\"622\">Ce site internet est h\u00e9berg\u00e9 de mani\u00e8re externe. Les donn\u00e9es \u00e0 caract\u00e8re personnel collect\u00e9es sur ce site sont stock\u00e9es sur les serveurs du ou des h\u00e9bergeurs. Il peut s\u2019agir notamment d\u2019adresses IP, de demandes de contact, de donn\u00e9es m\u00e9ta et de communication, de donn\u00e9es contractuelles, de coordonn\u00e9es, de noms, de donn\u00e9es d\u2019acc\u00e8s au site internet ainsi que d\u2019autres donn\u00e9es g\u00e9n\u00e9r\u00e9es par l\u2019utilisation d\u2019un site web.<\/p><p data-start=\"624\" data-end=\"1377\">L\u2019h\u00e9bergement externe est effectu\u00e9 aux fins de l\u2019ex\u00e9cution du contrat envers nos clients potentiels et existants (art. 6, paragraphe 1, point b du RGPD) et dans l\u2019int\u00e9r\u00eat d\u2019une mise \u00e0 disposition s\u00fbre, rapide et efficace de notre offre en ligne par un prestataire professionnel (art. 6, paragraphe 1, point f du RGPD). Dans la mesure o\u00f9 un consentement correspondant a \u00e9t\u00e9 demand\u00e9, le traitement est effectu\u00e9 exclusivement sur la base de l\u2019art. 6, paragraphe 1, point a du RGPD et de l\u2019article 25, paragraphe 1 du TDDDG, dans la mesure o\u00f9 le consentement inclut le stockage de cookies ou l\u2019acc\u00e8s \u00e0 des informations sur le terminal de l\u2019utilisateur (par exemple le device fingerprinting) au sens du TDDDG. Le consentement peut \u00eatre r\u00e9voqu\u00e9 \u00e0 tout moment.<\/p><p data-start=\"1379\" data-end=\"1568\">Notre ou nos h\u00e9bergeurs ne traiteront vos donn\u00e9es que dans la mesure n\u00e9cessaire \u00e0 l\u2019ex\u00e9cution de leurs obligations contractuelles et conform\u00e9ment \u00e0 nos instructions relatives \u00e0 ces donn\u00e9es.<\/p><p data-start=\"1570\" data-end=\"1620\">Nous faisons appel au(x) h\u00e9bergeur(s) suivant(s) :<\/p><p data-start=\"1622\" data-end=\"1698\"><strong data-start=\"1622\" data-end=\"1640\">J&amp;P Media Labs<\/strong><br data-start=\"1640\" data-end=\"1643\" \/>Walther-Rathenau-Str. 173<br data-start=\"1668\" data-end=\"1671\" \/>26954 Nordenham<br data-start=\"1686\" data-end=\"1689\" \/>Allemagne<\/p><h4 data-start=\"1700\" data-end=\"2125\">Traitement des donn\u00e9es par un sous-traitant<\/h4><p data-start=\"1700\" data-end=\"2125\">Nous avons conclu un contrat de traitement des donn\u00e9es (accord de sous-traitance \u2013 DPA) pour l\u2019utilisation du service mentionn\u00e9 ci-dessus. Il s\u2019agit d\u2019un contrat requis par le droit de la protection des donn\u00e9es, garantissant que les donn\u00e9es \u00e0 caract\u00e8re personnel des visiteurs de notre site internet sont trait\u00e9es uniquement selon nos instructions et dans le respect du RGPD.<\/p><h4>\u00a0<\/h4><h4>Comment L.I.T. AG prot\u00e8ge-t-elle vos donn\u00e9es personnelles?<\/h4><p><br \/>Sur les formulaires que vous remplissez pour entrer en contact avec nos activit\u00e9s commerciales, il peut vous \u00eatre demand\u00e9 de fournir des informations sensibles, telles que votre adresse e-mail, adresse postale, num\u00e9ro de t\u00e9l\u00e9phone ou num\u00e9ro de carte de cr\u00e9dit. Lorsque cela se produit, L.I.T. AG prend toutes les mesures \u00e9conomiquement raisonnables pour \u00e9tablir une connexion s\u00e9curis\u00e9e avec votre navigateur Internet. Dans le cas des sites web de L.I.T. AG destin\u00e9s aux transactions e-commerce, les num\u00e9ros de carte de cr\u00e9dit sont utilis\u00e9s uniquement pour le traitement des paiements et ne sont pas divulgu\u00e9s \u00e0 des tiers. Veuillez noter que notre site contient des liens vers d\u2019autres sites qui n\u2019appartiennent pas \u00e0 L.I.T. AG. Nous essayons de ne cr\u00e9er des liens qu\u2019avec des sites qui, comme nous, veillent \u00e0 la protection des donn\u00e9es clients, mais nous ne pouvons \u00eatre tenus responsables de leur contenu ou de leur gestion des donn\u00e9es personnelles.<\/p><h4>Comment pouvez-vous mettre \u00e0 jour vos donn\u00e9es personnelles ou retirer votre consentement?<\/h4><p><br \/>Vous pouvez nous aider \u00e0 garantir l\u2019exactitude de vos donn\u00e9es en informant L.I.T. AG de tout changement concernant votre adresse postale, votre num\u00e9ro de t\u00e9l\u00e9phone ou votre adresse e-mail. Vous avez le droit \u00e0 tout moment de demander \u00e0 L.I.T. AG des informations sur les donn\u00e9es personnelles vous concernant.<br \/>Toutes les donn\u00e9es personnelles sont trait\u00e9es de mani\u00e8re strictement confidentielle. Lors de la collecte, du traitement et de l\u2019utilisation des donn\u00e9es et informations individuelles, nous respectons strictement les dispositions l\u00e9gales du R\u00e8glement G\u00e9n\u00e9ral sur la Protection des Donn\u00e9es (RGPD) et de la loi sur les services de t\u00e9l\u00e9communication.<br \/>Vous pouvez \u00e0 tout moment limiter, refuser ou retirer votre consentement \u00e0 l\u2019utilisation, au traitement ou \u00e0 la transmission de vos donn\u00e9es \u00e0 des fins marketing en adressant une communication \u00e9crite \u00e0 :<br \/><br \/>L.I.T. AG<br \/>Otto-Hahn-Stra\u00dfe 18<br \/>26919 Brake<br \/><br \/>Vous avez \u00e9galement le droit \u00e0 la portabilit\u00e9 des donn\u00e9es.<br \/><br \/>De plus, vous avez le droit de d\u00e9poser une plainte aupr\u00e8s d\u2019une autorit\u00e9 de contr\u00f4le concernant le traitement de vos donn\u00e9es par nos soins. En g\u00e9n\u00e9ral, vous pouvez contacter l\u2019autorit\u00e9 de contr\u00f4le de votre lieu de r\u00e9sidence habituel. Pour toute question, suggestion ou demande, veuillez contacter notre d\u00e9l\u00e9gu\u00e9 \u00e0 la protection des donn\u00e9es par e-mail : <a href=\"mailto:Datenschutzbeauftragter@lit.de\">Datenschutzbeauftragter@lit.de<\/a>.<\/p><h4>Utilisation du service de cartographie<\/h4><p><br \/>Pour afficher nos sites sur une carte, nous utilisons le prestataire Mapsmarker.<br \/>La d\u00e9claration de confidentialit\u00e9 actuelle du fournisseur est disponible ici:<\/p><h4><a href=\"https:\/\/www.mapsmarker.com\/privacy-policy\/#collection-and-use-of-personal-information\" target=\"_blank\" rel=\"noopener noreferrer nofollow\">Politique de confidentialit\u00e9 Mapsmarker<\/a><\/h4><p>\u00a0<\/p><h4>D\u00e9claration de confidentialit\u00e9 pour l\u2019utilisation de Google Analytics et Google Web Fonts<\/h4><p><br \/>Ce site utilise Google Analytics, un service d\u2019analyse web de Google Inc. (\u00ab Google \u00bb). Google Analytics utilise des \u00ab cookies \u00bb, des fichiers texte stock\u00e9s sur votre ordinateur, permettant d\u2019analyser votre utilisation du site. Les informations g\u00e9n\u00e9r\u00e9es par le cookie concernant votre utilisation du site sont g\u00e9n\u00e9ralement transmises \u00e0 un serveur Google aux \u00c9tats-Unis et y sont stock\u00e9es. Ceci correspond \u00e0 notre int\u00e9r\u00eat l\u00e9gitime selon l\u2019Art. 6 RGPD. En cas d\u2019activation de l\u2019anonymisation des adresses IP sur ce site, votre IP est pr\u00e9alablement tronqu\u00e9e par Google dans l\u2019Union europ\u00e9enne ou dans d\u2019autres \u00c9tats signataires de l\u2019accord sur l\u2019Espace \u00e9conomique europ\u00e9en.<br \/><br \/>Dans de rares cas, l\u2019adresse IP compl\u00e8te est transmise \u00e0 un serveur Google aux \u00c9tats-Unis et y est tronqu\u00e9e. Pour le compte de l\u2019exploitant de ce site, Google utilise ces informations pour \u00e9valuer l\u2019utilisation du site, g\u00e9n\u00e9rer des rapports sur l\u2019activit\u00e9 du site et fournir d\u2019autres services li\u00e9s \u00e0 l\u2019utilisation du site au propri\u00e9taire du site. L\u2019adresse IP transmise par votre navigateur dans le cadre de Google Analytics n\u2019est pas fusionn\u00e9e avec d\u2019autres donn\u00e9es d\u00e9tenues par Google.<br \/><br \/>Vous pouvez emp\u00eacher l\u2019enregistrement des cookies en configurant votre logiciel de navigation ; notez cependant que certaines fonctionnalit\u00e9s du site peuvent ne pas \u00eatre enti\u00e8rement disponibles. Vous pouvez \u00e9galement emp\u00eacher Google de traiter les donn\u00e9es g\u00e9n\u00e9r\u00e9es par les cookies (y compris votre adresse IP) en t\u00e9l\u00e9chargeant et installant le plugin suivant : Plugin de d\u00e9sactivation Google Analytics.<br \/>Google est certifi\u00e9 selon le Privacy Shield UE\u2013USA, garantissant le respect des normes et r\u00e9gulations europ\u00e9ennes en mati\u00e8re de protection des donn\u00e9es. Plus d\u2019informations :<a href=\"https:\/\/www.privacyshield.gov\/participant?id=a2zt000000001L5AAI&amp;amp;status=Active\" target=\"_blank\" rel=\"noopener noreferrer nofollow\"> Privacy Shield<\/a><\/p><h4>Google Web Fonts<\/h4><p><br \/>Ce site utilise des polices Web (Web Fonts) fournies par Google pour un affichage uniforme des textes. Lorsqu\u2019une page est consult\u00e9e, votre navigateur charge les Web Fonts dans son cache pour afficher correctement les textes et polices.<br \/><br \/>Pour ce faire, votre navigateur doit se connecter aux serveurs de Google, ce qui permet \u00e0 Google de savoir que notre site a \u00e9t\u00e9 consult\u00e9 depuis votre IP. L\u2019utilisation de Google Web Fonts r\u00e9pond \u00e0 un int\u00e9r\u00eat l\u00e9gitime au sens de l\u2019Art. 6, par. 1, lett. f RGPD, afin d\u2019assurer un affichage uniforme et esth\u00e9tique de nos services en ligne.<br \/><br \/>Si votre navigateur ne prend pas en charge les Web Fonts, une police standard de votre ordinateur sera utilis\u00e9e.<br \/>Plus d\u2019informations sur <a href=\"https:\/\/developers.google.com\/fonts\/faq\" target=\"_blank\" rel=\"noopener noreferrer nofollow\">Google Web Fonts<\/a> : <a href=\"https:\/\/www.google.com\/policies\/privacy\/\" target=\"_blank\" rel=\"noopener noreferrer nofollow\">FAQ Google Fonts et Politique de confidentialit\u00e9 Google<\/a><\/p>\t\t\t\t\t\t<\/div>\n\t\t\t\t<\/div>\n\t\t\t\t\t<\/div>\n\t\t<\/div>\n\t\t\t\t\t<\/div>\n\t\t<\/section>\n\t\t\t\t<\/div>\n\t\t","protected":false},"excerpt":{"rendered":"<p>PROTECTION DES DONN\u00c9ES VOS DONN\u00c9ES SONT IMPORTANTES POUR NOUS ! L.I.T. AG est pleinement consciente de l\u2019importance des questions de protection des donn\u00e9es sur Internet et consid\u00e8re comme sa mission de pr\u00e9server votre vie priv\u00e9e sur nos sites web. L.I.T. AG prend des mesures appropri\u00e9es pour prot\u00e9ger toutes les informations re\u00e7ues de nos visiteurs en [&hellip;]<\/p>\n","protected":false},"author":16,"featured_media":0,"parent":0,"menu_order":27,"comment_status":"closed","ping_status":"closed","template":"","meta":{"footnotes":""},"class_list":["post-121096","page","type-page","status-publish","hentry"],"_links":{"self":[{"href":"https:\/\/www.lit.de\/fr\/wp-json\/wp\/v2\/pages\/121096","targetHints":{"allow":["GET"]}}],"collection":[{"href":"https:\/\/www.lit.de\/fr\/wp-json\/wp\/v2\/pages"}],"about":[{"href":"https:\/\/www.lit.de\/fr\/wp-json\/wp\/v2\/types\/page"}],"author":[{"embeddable":true,"href":"https:\/\/www.lit.de\/fr\/wp-json\/wp\/v2\/users\/16"}],"replies":[{"embeddable":true,"href":"https:\/\/www.lit.de\/fr\/wp-json\/wp\/v2\/comments?post=121096"}],"version-history":[{"count":5,"href":"https:\/\/www.lit.de\/fr\/wp-json\/wp\/v2\/pages\/121096\/revisions"}],"predecessor-version":[{"id":124276,"href":"https:\/\/www.lit.de\/fr\/wp-json\/wp\/v2\/pages\/121096\/revisions\/124276"}],"wp:attachment":[{"href":"https:\/\/www.lit.de\/fr\/wp-json\/wp\/v2\/media?parent=121096"}],"curies":[{"name":"wp","href":"https:\/\/api.w.org\/{rel}","templated":true}]}}