{"id":121079,"date":"2020-07-27T10:26:27","date_gmt":"2020-07-27T08:26:27","guid":{"rendered":"https:\/\/www.lit.de\/impressum\/"},"modified":"2025-11-07T14:55:09","modified_gmt":"2025-11-07T13:55:09","slug":"impressum","status":"publish","type":"page","link":"https:\/\/www.lit.de\/fr\/impressum\/","title":{"rendered":"Mentions l\u00e9gales"},"content":{"rendered":"\t\t<div data-elementor-type=\"wp-page\" data-elementor-id=\"121079\" class=\"elementor elementor-121079 elementor-8269\" data-elementor-post-type=\"page\">\n\t\t\t\t\t\t<section class=\"elementor-section elementor-top-section elementor-element elementor-element-1af55fc elementor-section-boxed elementor-section-height-default elementor-section-height-default\" data-id=\"1af55fc\" data-element_type=\"section\">\n\t\t\t\t\t\t\t<div class=\"elementor-background-overlay\"><\/div>\n\t\t\t\t\t\t\t<div class=\"elementor-container elementor-column-gap-default\">\n\t\t\t\t\t<div class=\"elementor-column elementor-col-100 elementor-top-column elementor-element elementor-element-3561535\" data-id=\"3561535\" data-element_type=\"column\">\n\t\t\t<div class=\"elementor-widget-wrap elementor-element-populated\">\n\t\t\t\t\t\t<div class=\"elementor-element elementor-element-2cd0339 elementor-widget elementor-widget-menu-anchor\" data-id=\"2cd0339\" data-element_type=\"widget\" data-widget_type=\"menu-anchor.default\">\n\t\t\t\t<div class=\"elementor-widget-container\">\n\t\t\t\t\t<div id=\"aktuelles\" class=\"elementor-menu-anchor\"><\/div>\n\t\t\t\t<\/div>\n\t\t\t\t<\/div>\n\t\t\t\t<div class=\"elementor-element elementor-element-267803d elementor-widget elementor-widget-menu-anchor\" data-id=\"267803d\" data-element_type=\"widget\" data-widget_type=\"menu-anchor.default\">\n\t\t\t\t<div class=\"elementor-widget-container\">\n\t\t\t\t\t<div id=\"aktuelles\" class=\"elementor-menu-anchor\"><\/div>\n\t\t\t\t<\/div>\n\t\t\t\t<\/div>\n\t\t\t\t<div class=\"elementor-element elementor-element-69a5d95 elementor-widget elementor-widget-menu-anchor\" data-id=\"69a5d95\" data-element_type=\"widget\" data-widget_type=\"menu-anchor.default\">\n\t\t\t\t<div class=\"elementor-widget-container\">\n\t\t\t\t\t<div id=\"aktuelles\" class=\"elementor-menu-anchor\"><\/div>\n\t\t\t\t<\/div>\n\t\t\t\t<\/div>\n\t\t\t\t\t<\/div>\n\t\t<\/div>\n\t\t\t\t\t<\/div>\n\t\t<\/section>\n\t\t\t\t<section class=\"elementor-section elementor-top-section elementor-element elementor-element-a7dbb96 elementor-section-boxed elementor-section-height-default elementor-section-height-default\" data-id=\"a7dbb96\" data-element_type=\"section\" data-settings=\"{&quot;background_background&quot;:&quot;classic&quot;}\">\n\t\t\t\t\t\t<div class=\"elementor-container elementor-column-gap-default\">\n\t\t\t\t\t<div class=\"elementor-column elementor-col-100 elementor-top-column elementor-element elementor-element-347bac4\" data-id=\"347bac4\" data-element_type=\"column\" data-settings=\"{&quot;background_background&quot;:&quot;classic&quot;}\">\n\t\t\t<div class=\"elementor-widget-wrap elementor-element-populated\">\n\t\t\t\t\t\t<div class=\"elementor-element elementor-element-fe79de7 elementor-widget elementor-widget-text-editor\" data-id=\"fe79de7\" data-element_type=\"widget\" data-widget_type=\"text-editor.default\">\n\t\t\t\t<div class=\"elementor-widget-container\">\n\t\t\t\t\t\t\t<p>MENTIONS L\u00c9GALES<\/p>\n\t\t\t\t\t\t<\/div>\n\t\t\t\t<\/div>\n\t\t\t\t<div class=\"elementor-element elementor-element-0262698 elementor-widget elementor-widget-heading\" data-id=\"0262698\" data-element_type=\"widget\" data-widget_type=\"heading.default\">\n\t\t\t\t<div class=\"elementor-widget-container\">\n\t\t\t<h1 class=\"elementor-heading-title elementor-size-default\">RESPONSIBLE DE CE SITE WEB:<\/h1>\t\t<\/div>\n\t\t\t\t<\/div>\n\t\t\t\t<div class=\"elementor-element elementor-element-fd5b02e elementor-widget elementor-widget-text-editor\" data-id=\"fd5b02e\" data-element_type=\"widget\" data-widget_type=\"text-editor.default\">\n\t\t\t\t<div class=\"elementor-widget-container\">\n\t\t\t\t\t\t\t<div>\r\n\r\n<strong>L.I.T. AG<\/strong>\r\nLogistique \u00b7 Information \u00b7 Transport\r\n\r\nOtto-Hahn-Stra\u00dfe 18\r\n26919 Brake\r\nT\u00e9l\u00e9phone: +49 4401 920-0\r\nFax: +49 4401 920-102\r\nE-Mail: <a title=\"Email an L.I.T.\">info@lit.de<\/a>\r\n\r\n<a title=\"Email an L.I.T.\">\u00a0<\/a>\r\n<h4>Conseil d\u2019administration<\/h4>\r\nDipl.-Wirt. Ing. Fokke Fels (Pr\u00e9sident)\r\nSimeon W. Breuer\r\nJulian Lachnitt\r\nIngo Schreiber\r\n<h4>Registre du commerce<\/h4>\r\nTribunal d\u2019enregistrement: Amtsgericht Oldenburg\r\nNum\u00e9ro d\u2019enregistrement: HRB 100607\r\n<h4>Num\u00e9ro d\u2019identification TVA<\/h4>\r\nDE 240 144 123\r\n<h4>Cr\u00e9dits photographiques<\/h4>\r\nL.I.T. AG\r\nShutterstock\r\n<h4>Conception et design<\/h4>\r\nFlorence Meyer, L.I.T. AG\r\n<h4>Contenu | R\u00e9daction<\/h4>\r\nL.I.T. AG, Florence Meyer, Julian Derst\r\nSputnik GmbH \u2013 Relations presse et communication\r\n<h4 style=\"font-family: 'Dax Pro Web Regular', sans-serif; color: #ffffff;\">D\u00e9l\u00e9gu\u00e9 \u00e0 la protection des donn\u00e9es<\/h4>\r\n<p class=\"p1\"><span class=\"s1\">Alexander Weiss\r\nL.I.T. Cargo GmbH\r\nSalzgitter Str. 28\r\n34225 Baunatal<\/span><\/p>\r\n<p class=\"p2\"><span class=\"s2\">T\u00e9l\u00e9phone: +49 561 98846913\r\nE-Mail:\u00a0<a href=\"mailto:Datenschutzbeauftragter@lit.de\"><span class=\"s3\">Datenschutzbeauftragter@lit.de<\/span><\/a>\r\nE-Mail:\u00a0<a href=\"mailto:alexander.weiss@lit.de\"><span class=\"s3\">alexander.weiss@lit.de<\/span><\/a><\/span><\/p>\r\n\r\n<\/div><br><div>\r\n<h4>Droits d\u2019auteur<\/h4>\r\nLes droits relatifs \u00e0 la conception et au contenu de ce site web restent la propri\u00e9t\u00e9 de L.I.T. AG.\r\nLes mises en page, graphiques, images ainsi que tous les contenus sont prot\u00e9g\u00e9s par le droit d\u2019auteur.\r\nToute modification, reproduction ou duplication (m\u00eame partielle) est interdite sans autorisation expresse.\r\nLe logo et le nom sont des marques d\u00e9pos\u00e9es\r\n\r\n<h4>Clause de non-responsabilit\u00e9<\/h4>\r\nMalgr\u00e9 un contr\u00f4le attentif, nous n\u2019assumons aucune responsabilit\u00e9 quant au contenu des liens externes.\r\nLe contenu des sites li\u00e9s rel\u00e8ve exclusivement de la responsabilit\u00e9 de leurs exploitants.\r\n\r\n\r\n<\/div>\t\t\t\t\t\t<\/div>\n\t\t\t\t<\/div>\n\t\t\t\t\t<\/div>\n\t\t<\/div>\n\t\t\t\t\t<\/div>\n\t\t<\/section>\n\t\t\t\t<\/div>\n\t\t","protected":false},"excerpt":{"rendered":"<p>MENTIONS L\u00c9GALES RESPONSIBLE DE CE SITE WEB: L.I.T. AG Logistique \u00b7 Information \u00b7 Transport Otto-Hahn-Stra\u00dfe 18 26919 Brake T\u00e9l\u00e9phone: +49 4401 920-0 Fax: +49 4401 920-102 E-Mail: info@lit.de \u00a0 Conseil d\u2019administration Dipl.-Wirt. Ing. Fokke Fels (Pr\u00e9sident) Simeon W. Breuer Julian Lachnitt Ingo Schreiber Registre du commerce Tribunal d\u2019enregistrement: Amtsgericht Oldenburg Num\u00e9ro d\u2019enregistrement: HRB 100607 Num\u00e9ro [&hellip;]<\/p>\n","protected":false},"author":16,"featured_media":0,"parent":0,"menu_order":25,"comment_status":"closed","ping_status":"closed","template":"","meta":{"footnotes":""},"class_list":["post-121079","page","type-page","status-publish","hentry"],"_links":{"self":[{"href":"https:\/\/www.lit.de\/fr\/wp-json\/wp\/v2\/pages\/121079","targetHints":{"allow":["GET"]}}],"collection":[{"href":"https:\/\/www.lit.de\/fr\/wp-json\/wp\/v2\/pages"}],"about":[{"href":"https:\/\/www.lit.de\/fr\/wp-json\/wp\/v2\/types\/page"}],"author":[{"embeddable":true,"href":"https:\/\/www.lit.de\/fr\/wp-json\/wp\/v2\/users\/16"}],"replies":[{"embeddable":true,"href":"https:\/\/www.lit.de\/fr\/wp-json\/wp\/v2\/comments?post=121079"}],"version-history":[{"count":2,"href":"https:\/\/www.lit.de\/fr\/wp-json\/wp\/v2\/pages\/121079\/revisions"}],"predecessor-version":[{"id":121081,"href":"https:\/\/www.lit.de\/fr\/wp-json\/wp\/v2\/pages\/121079\/revisions\/121081"}],"wp:attachment":[{"href":"https:\/\/www.lit.de\/fr\/wp-json\/wp\/v2\/media?parent=121079"}],"curies":[{"name":"wp","href":"https:\/\/api.w.org\/{rel}","templated":true}]}}